{"id":116,"date":"2020-12-10T13:59:42","date_gmt":"2020-12-10T12:59:42","guid":{"rendered":"http:\/\/bridalmagazinegroup.com\/?page_id=116"},"modified":"2025-09-09T14:14:15","modified_gmt":"2025-09-09T12:14:15","slug":"audiences","status":"publish","type":"page","link":"https:\/\/bridalmagazinegroup.com\/da\/audiences\/","title":{"rendered":"M\u00e5lgrupper &#038; Statistik"},"content":{"rendered":"\n<div class=\"wp-block-columns is-layout-flex wp-container-core-columns-is-layout-9d6595d7 wp-block-columns-is-layout-flex\">\n<div class=\"wp-block-column is-layout-flow wp-block-column-is-layout-flow\" style=\"flex-basis:100%\">\n<p>For at drive en rentabel forretning er det ekstremt vigtigt at forst\u00e5, hvordan dine kunder arbejder og at vide hvad m\u00e5lgruppen er. Vi har fundet ud af om dette og vi laver \u00e5rlige unders\u00f8gelser via vores tusindvis af emailadresser til brudepar, hvor vi samler statistikker ind fra netop din m\u00e5lgruppe og potentielle kunder. Nedenfor er nogle hurtige fakta om netop din m\u00e5lgruppe.<\/p>\n\n\n\n<p><strong>32.861 bryllupper<\/strong> &#8211; s\u00e5 mange bryllupper er der i gennemsnit hvert \u00e5r i Danmark (statistik 2024).<\/p>\n\n\n\n<p><strong>Gennemsnitsalderen<\/strong> p\u00e5 dem der har giftet sig i dag, er 33,9 \u00e5r for kvinder og 36 \u00e5r for m\u00e6nd (statistik fra 2024).<\/p>\n\n\n\n<p><strong>45%<\/strong> af alle bryllupper der finder sted i l\u00f8bet af \u00e5ret, sker i perioden juni-august.<\/p>\n\n\n\n<p><strong>100.000 kr<\/strong>. &#8211; det er, hvor meget bruden og gommen bruger i gennemsnit p\u00e5 deres bryllup. Men rigtigt mange mennesker bruger langt mere end det p\u00e5 deres bryllupsdag og vi ser, at tendensen til mere eksklusive bryllupper er stigende.<\/p>\n\n\n\n<p><strong>2.159.430 g\u00e6ster<\/strong> g\u00e5r til bryllupper hvert \u00e5r! Det gennemsnitlige antal g\u00e6ster per bryllup er 70 stk.<\/p>\n\n\n\n<figure class=\"wp-block-image size-large\"><img loading=\"lazy\" decoding=\"async\" width=\"1024\" height=\"667\" src=\"http:\/\/bridalmagazinegroup.com\/wp-content\/uploads\/2021\/01\/malgrupp1-1024x667.jpg\" alt=\"\" class=\"wp-image-1798\" srcset=\"https:\/\/bridalmagazinegroup.com\/wp-content\/uploads\/2021\/01\/malgrupp1-1024x667.jpg 1024w, https:\/\/bridalmagazinegroup.com\/wp-content\/uploads\/2021\/01\/malgrupp1-300x195.jpg 300w, https:\/\/bridalmagazinegroup.com\/wp-content\/uploads\/2021\/01\/malgrupp1-768x500.jpg 768w, https:\/\/bridalmagazinegroup.com\/wp-content\/uploads\/2021\/01\/malgrupp1-1536x1000.jpg 1536w, https:\/\/bridalmagazinegroup.com\/wp-content\/uploads\/2021\/01\/malgrupp1.jpg 1920w\" sizes=\"auto, (max-width: 1024px) 100vw, 1024px\" \/><\/figure>\n\n\n\n<h2 class=\"wp-block-heading\"><strong><strong>M\u00e5lgruppens adf\u00e6rd<\/strong><\/strong><\/h2>\n\n\n\n<p><\/p>\n\n\n\n<p>Der findes et tydeligt adf\u00e6rdsm\u00f8nster hos brudepar, n\u00e5r det kommer til indk\u00f8b til bryllupsdagen. Statistikker viser, at det er en lang proces, hvor brudepar tager god tid om at tr\u00e6ffe en beslutning. Beslutningerne er blandt nogle af de st\u00f8rste i livet og kan sammenlignes med at k\u00f8be en ny bil eller hjem, hvor brudepar vil have mange forskellige produkter at v\u00e6lge imellem, f\u00f8r de foretager deres endelige valg. Beslutningsprocessen er lang, og her er det vigtigt, at du er synlig for dem gennem hele processen og denne mulighed giver vi dig via Bryllupsmagasinet.<\/p>\n\n\n\n<figure class=\"wp-block-image size-large\"><img loading=\"lazy\" decoding=\"async\" width=\"1024\" height=\"456\" src=\"http:\/\/bridalmagazinegroup.com\/wp-content\/uploads\/2021\/01\/malgrupp2-1-1024x456.jpg\" alt=\"\" class=\"wp-image-1800\" srcset=\"https:\/\/bridalmagazinegroup.com\/wp-content\/uploads\/2021\/01\/malgrupp2-1-1024x456.jpg 1024w, https:\/\/bridalmagazinegroup.com\/wp-content\/uploads\/2021\/01\/malgrupp2-1-300x134.jpg 300w, https:\/\/bridalmagazinegroup.com\/wp-content\/uploads\/2021\/01\/malgrupp2-1-768x342.jpg 768w, https:\/\/bridalmagazinegroup.com\/wp-content\/uploads\/2021\/01\/malgrupp2-1-1536x684.jpg 1536w, https:\/\/bridalmagazinegroup.com\/wp-content\/uploads\/2021\/01\/malgrupp2-1.jpg 1920w\" sizes=\"auto, (max-width: 1024px) 100vw, 1024px\" \/><\/figure>\n\n\n\n<h2 class=\"wp-block-heading\"><strong><strong>S\u00e5dan n\u00e5r du ud til denne m\u00e5lgruppe:<\/strong><\/strong><\/h2>\n\n\n\n<p><\/p>\n\n\n\n<p>If\u00f8lge vores unders\u00f8gelser, l\u00e6ses hvert nummer af Bryllupsmagasinet flere gange og i gennemsnit af 4 l\u00e6sere. Magasinet bruges af brudeparret igennem hele planl\u00e6gningen og det betyder, at du eksponeres mere end \u00e9n gang for brudeparrene, hvilket skaber en st\u00e6rk tillid til dig.<\/p>\n\n\n\n<p>De af jer, der har valgt Bryllupsmagasinet som markedsf\u00f8ringskanal, n\u00e5r ud til brudeparrene og deres g\u00e6ster p\u00e5 en effektiv m\u00e5de. Vi s\u00f8rger for, at du er synlig p\u00e5 alle de platforme hvor nutidens brudepar s\u00f8ger oplysninger til brylluppet p\u00e5. Vores magasin har en imponerende r\u00e6kkevidde p\u00e5 <strong>84.000 l\u00e6sere<\/strong>, vores hjemmeside n\u00e5es af <strong>21.200 bes\u00f8gende<\/strong> hver m\u00e5ned (<strong>33.900 sidevisninger<\/strong>) og via vores nyhedsbreve og sociale medier, n\u00e5r vi ogs\u00e5 dine potentielle kunder direkte i mobilen..<\/p>\n\n\n\n<p><\/p>\n\n\n\n<figure class=\"wp-block-image size-large\"><img loading=\"lazy\" decoding=\"async\" width=\"1024\" height=\"683\" src=\"http:\/\/bridalmagazinegroup.com\/wp-content\/uploads\/2021\/01\/malgrupp3_SE_ENG-1024x683.jpg\" alt=\"\" class=\"wp-image-1803\" srcset=\"https:\/\/bridalmagazinegroup.com\/wp-content\/uploads\/2021\/01\/malgrupp3_SE_ENG-1024x683.jpg 1024w, https:\/\/bridalmagazinegroup.com\/wp-content\/uploads\/2021\/01\/malgrupp3_SE_ENG-300x200.jpg 300w, https:\/\/bridalmagazinegroup.com\/wp-content\/uploads\/2021\/01\/malgrupp3_SE_ENG-768x512.jpg 768w, https:\/\/bridalmagazinegroup.com\/wp-content\/uploads\/2021\/01\/malgrupp3_SE_ENG-1536x1024.jpg 1536w, https:\/\/bridalmagazinegroup.com\/wp-content\/uploads\/2021\/01\/malgrupp3_SE_ENG.jpg 1920w\" sizes=\"auto, (max-width: 1024px) 100vw, 1024px\" \/><\/figure>\n\n\n\n<p><em><em><em>*Kilder: dst.dk, egne unders\u00f8gelser via formularer p\u00e5 brollopsmagasinet.se og Google Analytics.<\/em><\/em><\/em><\/p>\n<\/div>\n<\/div>\n\n\n\n<p class=\"has-text-align-right\"><br><br><br><\/p>\n\n\n\n<p><\/p>\n","protected":false},"excerpt":{"rendered":"<p>For at drive en rentabel forretning er det ekstremt vigtigt at forst\u00e5, hvordan dine kunder arbejder og at vide hvad &hellip; <a href=\"https:\/\/bridalmagazinegroup.com\/da\/audiences\/\" class=\"more-link\"><span class=\"more-button\">L\u00e4s Mer<span class=\"screen-reader-text\">M\u00e5lgrupper &#038; Statistik<\/span><\/span><\/a><\/p>\n","protected":false},"author":5,"featured_media":0,"parent":0,"menu_order":0,"comment_status":"closed","ping_status":"closed","template":"templates\/right-sidebar.php","meta":{"footnotes":""},"class_list":["post-116","page","type-page","status-publish","hentry"],"translation":{"provider":"WPGlobus","version":"3.0.2","language":"da","enabled_languages":["en","sv","no","fi","da","gb"],"languages":{"en":{"title":true,"content":true,"excerpt":false},"sv":{"title":true,"content":true,"excerpt":false},"no":{"title":true,"content":true,"excerpt":false},"fi":{"title":true,"content":true,"excerpt":false},"da":{"title":true,"content":true,"excerpt":false},"gb":{"title":false,"content":false,"excerpt":false}}},"_links":{"self":[{"href":"https:\/\/bridalmagazinegroup.com\/da\/wp-json\/wp\/v2\/pages\/116","targetHints":{"allow":["GET"]}}],"collection":[{"href":"https:\/\/bridalmagazinegroup.com\/da\/wp-json\/wp\/v2\/pages"}],"about":[{"href":"https:\/\/bridalmagazinegroup.com\/da\/wp-json\/wp\/v2\/types\/page"}],"author":[{"embeddable":true,"href":"https:\/\/bridalmagazinegroup.com\/da\/wp-json\/wp\/v2\/users\/5"}],"replies":[{"embeddable":true,"href":"https:\/\/bridalmagazinegroup.com\/da\/wp-json\/wp\/v2\/comments?post=116"}],"version-history":[{"count":50,"href":"https:\/\/bridalmagazinegroup.com\/da\/wp-json\/wp\/v2\/pages\/116\/revisions"}],"predecessor-version":[{"id":3597,"href":"https:\/\/bridalmagazinegroup.com\/da\/wp-json\/wp\/v2\/pages\/116\/revisions\/3597"}],"wp:attachment":[{"href":"https:\/\/bridalmagazinegroup.com\/da\/wp-json\/wp\/v2\/media?parent=116"}],"curies":[{"name":"wp","href":"https:\/\/api.w.org\/{rel}","templated":true}]}}