{"id":2,"date":"2020-12-08T14:32:53","date_gmt":"2020-12-08T13:32:53","guid":{"rendered":"http:\/\/bridalmagazinegroup.com\/?page_id=2"},"modified":"2023-12-22T09:52:14","modified_gmt":"2023-12-22T08:52:14","slug":"about-us","status":"publish","type":"page","link":"https:\/\/bridalmagazinegroup.com\/da\/about-us\/","title":{"rendered":"Samarbejde"},"content":{"rendered":"\n<div class=\"wp-block-columns is-layout-flex wp-container-core-columns-is-layout-9d6595d7 wp-block-columns-is-layout-flex\">\n<div class=\"wp-block-column is-layout-flow wp-block-column-is-layout-flow\" style=\"flex-basis:100%\">\n<hr class=\"wp-block-separator is-style-wide\"\/>\n\n\n\n<h4 class=\"wp-block-heading\">I planl\u00e6gningen af det perfekte bryllup, s\u00f8ger brudeparrene efter akt\u00f8rer som dig. Gennem vores platforme hj\u00e6lper Bryllupsmagasinet dig med at n\u00e5 disse brudepar, hvilket betyder at brudeparrene til slut v\u00e6lger dig som deres samarbejdspartner.<\/h4>\n\n\n\n<p><\/p>\n\n\n\n<p>For at drive en rentabel forretning, er det ekstremt vigtigt at forst\u00e5 hvordan dine kunder fungerer. For din skyld har vi fundet ud af dette og vi foretager \u00e5rlige unders\u00f8gelser med hj\u00e6lp at vores tusindvis af e-mailadresser til brudepar, hvor vi indsamler statistikker fra dine potentielt kommende kunder. Her kan man se en klar adf\u00e6rd n\u00e5r det g\u00e6lder indk\u00f8b til bryllupsdagen og unders\u00f8gelserne viser, at det er en lang proces hvor brudeparrene tager deres tid, f\u00f8r de tr\u00e6ffer en endelig beslutning. I l\u00f8bet af denne proces \u00f8nsker de, at have flere forskellige akt\u00f8rer at v\u00e6lge imellem. Her er det derfor ekstremt vigtigt, at du er synlig for dem gennem hele processen, og via de forskellige platforme i Bryllupsmagasinet, giver vi dig denne unikke mulighed.<\/p>\n\n\n\n<p>DETTE BRUDEPARRENE BEHOV FOR<\/p>\n\n\n\n<p>Det har vist sig at brudeparrene har behov for b\u00e5de information og inspiration, inden de tr\u00e6ffer deres beslutninger og det er vi, som den eneste medievirksomhed, eksperter p\u00e5. I vores produkter og p\u00e5 vores platforme, finder brudeparrene masser af redaktionelt indhold der er produceret til at inspirere. Dette materiale l\u00e6ses af tusindvis af brudepar og det er ogs\u00e5 i forbindelse med dette, at netop din virksomhed eksponeres. Denne enest\u00e5ende kombination, er uvurderlig og giver brudeparrene en mulighed for at v\u00e6lge netop dig.<\/p>\n\n\n\n<p>DU ER SYNLIG P\u00c5 RET PLADS<\/p>\n\n\n\n<p>Bryllupsplanl\u00e6gning sker i forskellige faser, hvor brudeparrene fokuserer p\u00e5 et omr\u00e5de ad gangen. For eksempel, n\u00e5r brudeparrene er p\u00e5 udkig efter en festlokale, er festlokaler det eneste de fokuserer p\u00e5. Netop derfor, er b\u00e5de magasinet og vores hjemmeside opdelt i forskellige segmenter. Som partner s\u00f8rger vi for, at du er synlig i den rigtige kategori og at din markedsf\u00f8ring f\u00e5r en \u00f8get v\u00e6rdi takket v\u00e6re vores segmentering. Uanset om du driver en virksomhed inden for fotografering, guld, t\u00f8j eller festlokaler, s\u00f8rger vi for at du n\u00e5r brudeparrene, hvilket er afg\u00f8rende for at kunden v\u00e6lger dig.<\/p>\n\n\n\n<p>FOR DIG SOM VIL N\u00c5 UD TIL MANGE<\/p>\n\n\n\n<p>Ikke alene ved vi, hvordan brudeparrene t\u00e6nker og baseret p\u00e5 dette, har vi skabt vores indhold &#8211; vi s\u00f8rger faktisk for, at vi n\u00e5r dem. Vi f\u00f8lger med brudeparrene overalt. Takket v\u00e6re vores hjemmeside, nyhedsbreve og sociale medier, findes vi med dagligt p\u00e5 deres telefon. Vores magasin er eksponeret stort; det s\u00e6lges i butikker, distribueres p\u00e5 bryllupsmesser, sendes direkte ud til forbrugerne samt findes synligt hos vores samarbejdspartnere. Alt dette giver dig en unik mulighed for at n\u00e5 ud til tusindvis af brudepar med dine produkter og tjenester<\/p>\n\n\n\n<figure class=\"wp-block-image size-large\"><img loading=\"lazy\" decoding=\"async\" width=\"1024\" height=\"283\" src=\"http:\/\/bridalmagazinegroup.com\/wp-content\/uploads\/2020\/12\/toppbanner_dk-1024x283.jpg\" alt=\"\" class=\"wp-image-92\" srcset=\"https:\/\/bridalmagazinegroup.com\/wp-content\/uploads\/2020\/12\/toppbanner_dk-1024x283.jpg 1024w, https:\/\/bridalmagazinegroup.com\/wp-content\/uploads\/2020\/12\/toppbanner_dk-300x83.jpg 300w, https:\/\/bridalmagazinegroup.com\/wp-content\/uploads\/2020\/12\/toppbanner_dk-768x212.jpg 768w, https:\/\/bridalmagazinegroup.com\/wp-content\/uploads\/2020\/12\/toppbanner_dk-1536x424.jpg 1536w, https:\/\/bridalmagazinegroup.com\/wp-content\/uploads\/2020\/12\/toppbanner_dk.jpg 1920w\" sizes=\"auto, (max-width: 1024px) 100vw, 1024px\" \/><\/figure>\n<\/div>\n<\/div>\n\n\n\n<p><\/p>\n","protected":false},"excerpt":{"rendered":"<p>I planl\u00e6gningen af det perfekte bryllup, s\u00f8ger brudeparrene efter akt\u00f8rer som dig. Gennem vores platforme hj\u00e6lper Bryllupsmagasinet dig med at &hellip; <a href=\"https:\/\/bridalmagazinegroup.com\/da\/about-us\/\" class=\"more-link\"><span class=\"more-button\">L\u00e4s Mer<span class=\"screen-reader-text\">Samarbejde<\/span><\/span><\/a><\/p>\n","protected":false},"author":5,"featured_media":0,"parent":0,"menu_order":0,"comment_status":"closed","ping_status":"closed","template":"templates\/right-sidebar.php","meta":{"footnotes":""},"class_list":["post-2","page","type-page","status-publish","hentry"],"translation":{"provider":"WPGlobus","version":"3.0.2","language":"da","enabled_languages":["en","sv","no","fi","da","gb"],"languages":{"en":{"title":true,"content":true,"excerpt":false},"sv":{"title":true,"content":true,"excerpt":false},"no":{"title":true,"content":true,"excerpt":false},"fi":{"title":true,"content":true,"excerpt":false},"da":{"title":true,"content":true,"excerpt":false},"gb":{"title":false,"content":false,"excerpt":false}}},"_links":{"self":[{"href":"https:\/\/bridalmagazinegroup.com\/da\/wp-json\/wp\/v2\/pages\/2","targetHints":{"allow":["GET"]}}],"collection":[{"href":"https:\/\/bridalmagazinegroup.com\/da\/wp-json\/wp\/v2\/pages"}],"about":[{"href":"https:\/\/bridalmagazinegroup.com\/da\/wp-json\/wp\/v2\/types\/page"}],"author":[{"embeddable":true,"href":"https:\/\/bridalmagazinegroup.com\/da\/wp-json\/wp\/v2\/users\/5"}],"replies":[{"embeddable":true,"href":"https:\/\/bridalmagazinegroup.com\/da\/wp-json\/wp\/v2\/comments?post=2"}],"version-history":[{"count":112,"href":"https:\/\/bridalmagazinegroup.com\/da\/wp-json\/wp\/v2\/pages\/2\/revisions"}],"predecessor-version":[{"id":3153,"href":"https:\/\/bridalmagazinegroup.com\/da\/wp-json\/wp\/v2\/pages\/2\/revisions\/3153"}],"wp:attachment":[{"href":"https:\/\/bridalmagazinegroup.com\/da\/wp-json\/wp\/v2\/media?parent=2"}],"curies":[{"name":"wp","href":"https:\/\/api.w.org\/{rel}","templated":true}]}}