{"id":348,"date":"2020-12-15T10:29:54","date_gmt":"2020-12-15T09:29:54","guid":{"rendered":"http:\/\/bridalmagazinegroup.com\/?page_id=348"},"modified":"2022-01-25T11:16:37","modified_gmt":"2022-01-25T10:16:37","slug":"history","status":"publish","type":"page","link":"https:\/\/bridalmagazinegroup.com\/da\/history\/","title":{"rendered":"Vores historie"},"content":{"rendered":"\n<div class=\"wp-block-columns is-layout-flex wp-container-core-columns-is-layout-9d6595d7 wp-block-columns-is-layout-flex\">\n<div class=\"wp-block-column is-layout-flow wp-block-column-is-layout-flow\" style=\"flex-basis:100%\">\n<h2 class=\"wp-block-heading\"><strong>Vi er en medievirksomhed<\/strong><\/h2>\n\n\n\n<p><\/p>\n\n\n\n<p>Bryllupsmagasinet er en veletableret medievirksomhed indenfor bryllupsbranchen og vi har succes med konstant at producere det indhold, som brudeparren faktisk eftersp\u00f8rger n\u00e5r de er g\u00e5et i gang med deres bryllupsplanl\u00e6gning. Unders\u00f8gelserne viser, at brudepar har brug for b\u00e5de information og inspiration, f\u00f8r de tr\u00e6ffer deres beslutninger og &nbsp;det har vi som det eneste medieselskab omfavnet.<\/p>\n\n\n\n<p>Vi har investeret i et unikt redaktionsteam, hvor vores medarbejdere dagligt producerer redaktionelt indhold, der bliver brugt p\u00e5 alle vores platforme. Dette er vi de eneste i branchen der g\u00f8r og netop dette s\u00e6rlige indhold resulterer i at brudeparrene anvender vores samarbejdspartnere og eksperter som dig, n\u00e5r de tr\u00e6ffer deres beslutninger i bryllupsplanl\u00e6gning.<\/p>\n\n\n\n<p>Udover redaktionelle tekster, der giver inspiration og vigtig information, s\u00f8ger brudeparrene ogs\u00e5 efter konkrete akt\u00f8rer i branchen. Som samarbejdspartner til Bryllupsmagasinet s\u00f8rger vi for, at du er synlig p\u00e5 de steder, hvor brudeparrene s\u00f8ger information til deres bryllup. Dette er noget der g\u00f8r, at du faktisk f\u00e5r rigtige kunder der bes\u00f8ger dig &#8211; ikke bare likes p\u00e5 de sociale medier.<\/p>\n\n\n\n<p>Helt siden starten i 1993 har Bryllupsmagasinet guidet brudepar og v\u00e6rt deres viktigste hjelpemiddel i bryllupsplanleggingen. Gjennom informative og inspirerende innhold har brudeparene kunnet fatte kloke beslutninger og du som samarbeidspartner har blitt synlig for dem i l\u00f8pet av hele planleggingsprosessen. &nbsp;<\/p>\n\n\n\n<h2 class=\"wp-block-heading\">Vores historie <\/h2>\n\n\n\n<p><\/p>\n\n\n\n<p><strong>1993<\/strong> \u2013 Nordens f\u00f8rste bryllupsforlag (avis) blev grundlagt p\u00e5 Frederiksberg, Danmark<\/p>\n\n\n\n<p><strong>1997 <\/strong>&#8211; Virksomheden udvidedes og man startede driften i Sverige. Nuv\u00e6rende ejer og administrerende direkt\u00f8r Anders Wallgren tiltr\u00e5dte bestyrelsen i selskabet.<\/p>\n\n\n\n<p><strong>1999 <\/strong>&#8211; Anders Wallgren overtager virksomheden, som p\u00e5 det tidspunkt har virksomheder b\u00e5de i Danmark og Sverige.<\/p>\n\n\n\n<p><strong>2000<\/strong> &#8211; Virksomheden udvider yderligere og starter driften i Norge. Forlaget voksede og var nu det eneste forlag i tre nordiske lande.<\/p>\n\n\n\n<p><strong>2001<\/strong> &#8211; Bryllupsmagasinet lancerer en hjemmeside som et supplement til magasinet med fokus p\u00e5 redaktionelt indhold og akt\u00f8rer i bryllupsindustrien.<\/p>\n\n\n\n<p><strong>2005<\/strong> &#8211; Etablering finder sted i Finland og forlaget er nu udvidet til fire nordiske lande.<\/p>\n\n\n\n<p><strong>2008<\/strong> &#8211; Business to Business-magasinet Nordic Bridal lanceres som det eneste B2B produkt til bryllupsindustrien i Norden.<\/p>\n\n\n\n<p><strong>2009<\/strong> &#8211; Magasinet Nordic Bridal suppleres med sin egen hjemmeside, hvor der kan gives hurtig information og vigtige nyheder kan l\u00f8bende n\u00e5 ud til akt\u00f8rer i bryllupsbranchen.<\/p>\n\n\n\n<p><strong>2014<\/strong> \u2013 Indk\u00f8bsmessen The Nordic Bridal Show lanceres og finder sted i K\u00f8benhavn, Danmark. Butikker fra de fire nordiske lande rejser hertil for at foretage indk\u00f8b deres fra leverand\u00f8rer og designere til den kommende s\u00e6son.<\/p>\n\n\n\n<p><strong>2017<\/strong> &#8211; Der etableres et helt eget web redaktionsteam og Bryllupsmagasinet har i dag medarbejdere, der arbejder p\u00e5 fuld tid for at producere indhold til hjemmeside og sociale medier.<\/p>\n<\/div>\n<\/div>\n\n\n\n<figure class=\"wp-block-image size-large\"><img loading=\"lazy\" decoding=\"async\" width=\"1024\" height=\"684\" src=\"http:\/\/bridalmagazinegroup.com\/wp-content\/uploads\/2021\/01\/NO_AnnaStormPhoto-32-1024x684.jpg\" alt=\"\" class=\"wp-image-1746\" srcset=\"https:\/\/bridalmagazinegroup.com\/wp-content\/uploads\/2021\/01\/NO_AnnaStormPhoto-32-1024x684.jpg 1024w, https:\/\/bridalmagazinegroup.com\/wp-content\/uploads\/2021\/01\/NO_AnnaStormPhoto-32-300x200.jpg 300w, https:\/\/bridalmagazinegroup.com\/wp-content\/uploads\/2021\/01\/NO_AnnaStormPhoto-32-768x513.jpg 768w, https:\/\/bridalmagazinegroup.com\/wp-content\/uploads\/2021\/01\/NO_AnnaStormPhoto-32-1536x1026.jpg 1536w, https:\/\/bridalmagazinegroup.com\/wp-content\/uploads\/2021\/01\/NO_AnnaStormPhoto-32.jpg 1920w\" sizes=\"auto, (max-width: 1024px) 100vw, 1024px\" \/><\/figure>\n","protected":false},"excerpt":{"rendered":"<p>Vi er en medievirksomhed Bryllupsmagasinet er en veletableret medievirksomhed indenfor bryllupsbranchen og vi har succes med konstant at producere det &hellip; <a href=\"https:\/\/bridalmagazinegroup.com\/da\/history\/\" class=\"more-link\"><span class=\"more-button\">L\u00e4s Mer<span class=\"screen-reader-text\">Vores historie<\/span><\/span><\/a><\/p>\n","protected":false},"author":5,"featured_media":0,"parent":0,"menu_order":0,"comment_status":"closed","ping_status":"closed","template":"templates\/right-sidebar.php","meta":{"footnotes":""},"class_list":["post-348","page","type-page","status-publish","hentry"],"translation":{"provider":"WPGlobus","version":"3.0.2","language":"da","enabled_languages":["en","sv","no","fi","da","gb"],"languages":{"en":{"title":true,"content":true,"excerpt":false},"sv":{"title":true,"content":true,"excerpt":false},"no":{"title":true,"content":true,"excerpt":false},"fi":{"title":true,"content":true,"excerpt":false},"da":{"title":true,"content":true,"excerpt":false},"gb":{"title":false,"content":false,"excerpt":false}}},"_links":{"self":[{"href":"https:\/\/bridalmagazinegroup.com\/da\/wp-json\/wp\/v2\/pages\/348","targetHints":{"allow":["GET"]}}],"collection":[{"href":"https:\/\/bridalmagazinegroup.com\/da\/wp-json\/wp\/v2\/pages"}],"about":[{"href":"https:\/\/bridalmagazinegroup.com\/da\/wp-json\/wp\/v2\/types\/page"}],"author":[{"embeddable":true,"href":"https:\/\/bridalmagazinegroup.com\/da\/wp-json\/wp\/v2\/users\/5"}],"replies":[{"embeddable":true,"href":"https:\/\/bridalmagazinegroup.com\/da\/wp-json\/wp\/v2\/comments?post=348"}],"version-history":[{"count":46,"href":"https:\/\/bridalmagazinegroup.com\/da\/wp-json\/wp\/v2\/pages\/348\/revisions"}],"predecessor-version":[{"id":3349,"href":"https:\/\/bridalmagazinegroup.com\/da\/wp-json\/wp\/v2\/pages\/348\/revisions\/3349"}],"wp:attachment":[{"href":"https:\/\/bridalmagazinegroup.com\/da\/wp-json\/wp\/v2\/media?parent=348"}],"curies":[{"name":"wp","href":"https:\/\/api.w.org\/{rel}","templated":true}]}}