{"id":80,"date":"2020-12-10T13:13:20","date_gmt":"2020-12-10T12:13:20","guid":{"rendered":"http:\/\/bridalmagazinegroup.com\/?page_id=80"},"modified":"2022-02-08T09:55:44","modified_gmt":"2022-02-08T08:55:44","slug":"products","status":"publish","type":"page","link":"https:\/\/bridalmagazinegroup.com\/da\/","title":{"rendered":"Produkter"},"content":{"rendered":"\n<div class=\"wp-block-columns is-layout-flex wp-container-core-columns-is-layout-9d6595d7 wp-block-columns-is-layout-flex\">\n<div class=\"wp-block-column is-layout-flow wp-block-column-is-layout-flow\" style=\"flex-basis:100%\">\n<hr class=\"wp-block-separator is-style-wide\"\/>\n\n\n\n<p>Som samarbejdspartner til Bryllupsmagasinet, giver vi dig en unik mulighed for at blive set gennem alle de produkter, der er n\u00e6vnt nedenfor og dermed ogs\u00e5 mulighed for at n\u00e5 alle de brudepar som du endnu ikke har som kunder. Vores m\u00e5l som medievirksomhed er konstant at s\u00e6tte fokus p\u00e5 dig og bryllupsindustrien og vi ser frem til en samtale, om hvilke platforme og produkter der passer bedst til din virksomhed.<\/p>\n\n\n\n<hr class=\"wp-block-separator is-style-wide\"\/>\n\n\n<ul class=\"wp-block-latest-posts__list is-grid columns-2 alignleft wp-block-latest-posts\"><li><div class=\"wp-block-latest-posts__featured-image alignleft\"><a href=\"https:\/\/bridalmagazinegroup.com\/da\/media-packages\/\" aria-label=\"Mediepakker\"><img loading=\"lazy\" decoding=\"async\" width=\"300\" height=\"300\" src=\"https:\/\/bridalmagazinegroup.com\/wp-content\/uploads\/2020\/12\/Mediapaket_huvudbild-e1611224308507-300x300.jpg\" class=\"attachment-medium size-medium wp-post-image\" alt=\"\" style=\"max-width:225px;max-height:225px;\" srcset=\"https:\/\/bridalmagazinegroup.com\/wp-content\/uploads\/2020\/12\/Mediapaket_huvudbild-e1611224308507-300x300.jpg 300w, https:\/\/bridalmagazinegroup.com\/wp-content\/uploads\/2020\/12\/Mediapaket_huvudbild-e1611224308507-1024x1024.jpg 1024w, https:\/\/bridalmagazinegroup.com\/wp-content\/uploads\/2020\/12\/Mediapaket_huvudbild-e1611224308507-150x150.jpg 150w, https:\/\/bridalmagazinegroup.com\/wp-content\/uploads\/2020\/12\/Mediapaket_huvudbild-e1611224308507-768x768.jpg 768w, https:\/\/bridalmagazinegroup.com\/wp-content\/uploads\/2020\/12\/Mediapaket_huvudbild-e1611224308507-480x480.jpg 480w, https:\/\/bridalmagazinegroup.com\/wp-content\/uploads\/2020\/12\/Mediapaket_huvudbild-e1611224308507-666x666.jpg 666w, https:\/\/bridalmagazinegroup.com\/wp-content\/uploads\/2020\/12\/Mediapaket_huvudbild-e1611224308507.jpg 1500w\" sizes=\"auto, (max-width: 300px) 100vw, 300px\" \/><\/a><\/div><a class=\"wp-block-latest-posts__post-title\" href=\"https:\/\/bridalmagazinegroup.com\/da\/media-packages\/\">Mediepakker<\/a><div class=\"wp-block-latest-posts__post-excerpt\">Skr\u00e6ddersyede mediepakker, hvor du maksimerer din synlighed overfor brudeparrene  &hellip; <a href=\"https:\/\/bridalmagazinegroup.com\/da\/media-packages\/\" class=\"more-link\"><span class=\"more-button\">L\u00e4s Mer<span class=\"screen-reader-text\">Mediepakker<\/span><\/span><\/a><\/div><\/li>\n<li><div class=\"wp-block-latest-posts__featured-image alignleft\"><a href=\"https:\/\/bridalmagazinegroup.com\/da\/online-packages\/\" aria-label=\"Online pakker\"><img loading=\"lazy\" decoding=\"async\" width=\"300\" height=\"300\" src=\"https:\/\/bridalmagazinegroup.com\/wp-content\/uploads\/2020\/12\/Onlinepaket_huvudbild-300x300.jpg\" class=\"attachment-medium size-medium wp-post-image\" alt=\"\" style=\"max-width:225px;max-height:225px;\" srcset=\"https:\/\/bridalmagazinegroup.com\/wp-content\/uploads\/2020\/12\/Onlinepaket_huvudbild-300x300.jpg 300w, https:\/\/bridalmagazinegroup.com\/wp-content\/uploads\/2020\/12\/Onlinepaket_huvudbild-1024x1024.jpg 1024w, https:\/\/bridalmagazinegroup.com\/wp-content\/uploads\/2020\/12\/Onlinepaket_huvudbild-150x150.jpg 150w, https:\/\/bridalmagazinegroup.com\/wp-content\/uploads\/2020\/12\/Onlinepaket_huvudbild-768x768.jpg 768w, https:\/\/bridalmagazinegroup.com\/wp-content\/uploads\/2020\/12\/Onlinepaket_huvudbild-480x480.jpg 480w, https:\/\/bridalmagazinegroup.com\/wp-content\/uploads\/2020\/12\/Onlinepaket_huvudbild-666x666.jpg 666w, https:\/\/bridalmagazinegroup.com\/wp-content\/uploads\/2020\/12\/Onlinepaket_huvudbild.jpg 1500w\" sizes=\"auto, (max-width: 300px) 100vw, 300px\" \/><\/a><\/div><a class=\"wp-block-latest-posts__post-title\" href=\"https:\/\/bridalmagazinegroup.com\/da\/online-packages\/\">Online pakker<\/a><div class=\"wp-block-latest-posts__post-excerpt\">Skr\u00e6ddersyede mediepakker hvor du maksimerer din synlighed overfor brudeparrene ved at blive vist online og p\u00e5 sociale medier.  &hellip; <a href=\"https:\/\/bridalmagazinegroup.com\/da\/online-packages\/\" class=\"more-link\"><span class=\"more-button\">L\u00e4s Mer<span class=\"screen-reader-text\">Online pakker<\/span><\/span><\/a><\/div><\/li>\n<li><div class=\"wp-block-latest-posts__featured-image alignleft\"><a href=\"https:\/\/bridalmagazinegroup.com\/da\/print_ads\/\" aria-label=\"Bryllupsmagasinet p\u00e5 tryk\"><img loading=\"lazy\" decoding=\"async\" width=\"300\" height=\"200\" src=\"https:\/\/bridalmagazinegroup.com\/wp-content\/uploads\/2021\/01\/NO_AnnaStormPhoto-31-300x200.jpg\" class=\"attachment-medium size-medium wp-post-image\" alt=\"\" style=\"max-width:225px;max-height:225px;\" srcset=\"https:\/\/bridalmagazinegroup.com\/wp-content\/uploads\/2021\/01\/NO_AnnaStormPhoto-31-300x200.jpg 300w, https:\/\/bridalmagazinegroup.com\/wp-content\/uploads\/2021\/01\/NO_AnnaStormPhoto-31-1024x684.jpg 1024w, https:\/\/bridalmagazinegroup.com\/wp-content\/uploads\/2021\/01\/NO_AnnaStormPhoto-31-768x513.jpg 768w, https:\/\/bridalmagazinegroup.com\/wp-content\/uploads\/2021\/01\/NO_AnnaStormPhoto-31-1536x1026.jpg 1536w, https:\/\/bridalmagazinegroup.com\/wp-content\/uploads\/2021\/01\/NO_AnnaStormPhoto-31.jpg 1920w\" sizes=\"auto, (max-width: 300px) 100vw, 300px\" \/><\/a><\/div><a class=\"wp-block-latest-posts__post-title\" href=\"https:\/\/bridalmagazinegroup.com\/da\/print_ads\/\">Bryllupsmagasinet p\u00e5 tryk<\/a><div class=\"wp-block-latest-posts__post-excerpt\">Bryllupsmagasinet n\u00e5r ud til 84.000 l\u00e6sere om \u00e5ret og brudeparret bruger det som grundlag gennem hele planl\u00e6gningsprocessen.  &hellip; <a href=\"https:\/\/bridalmagazinegroup.com\/da\/print_ads\/\" class=\"more-link\"><span class=\"more-button\">L\u00e4s Mer<span class=\"screen-reader-text\">Bryllupsmagasinet p\u00e5 tryk<\/span><\/span><\/a><\/div><\/li>\n<li><div class=\"wp-block-latest-posts__featured-image alignleft\"><a href=\"https:\/\/bridalmagazinegroup.com\/da\/online_ads\/\" aria-label=\"Bryllupsmagasinet &#8211; Web\"><img loading=\"lazy\" decoding=\"async\" width=\"300\" height=\"300\" src=\"https:\/\/bridalmagazinegroup.com\/wp-content\/uploads\/2020\/12\/Bro\u0308llopsmagasinet_webb-300x300.jpg\" class=\"attachment-medium size-medium wp-post-image\" alt=\"\" style=\"max-width:225px;max-height:225px;\" srcset=\"https:\/\/bridalmagazinegroup.com\/wp-content\/uploads\/2020\/12\/Bro\u0308llopsmagasinet_webb-300x300.jpg 300w, https:\/\/bridalmagazinegroup.com\/wp-content\/uploads\/2020\/12\/Bro\u0308llopsmagasinet_webb-1024x1024.jpg 1024w, https:\/\/bridalmagazinegroup.com\/wp-content\/uploads\/2020\/12\/Bro\u0308llopsmagasinet_webb-150x150.jpg 150w, https:\/\/bridalmagazinegroup.com\/wp-content\/uploads\/2020\/12\/Bro\u0308llopsmagasinet_webb-768x768.jpg 768w, https:\/\/bridalmagazinegroup.com\/wp-content\/uploads\/2020\/12\/Bro\u0308llopsmagasinet_webb-480x480.jpg 480w, https:\/\/bridalmagazinegroup.com\/wp-content\/uploads\/2020\/12\/Bro\u0308llopsmagasinet_webb-666x666.jpg 666w, https:\/\/bridalmagazinegroup.com\/wp-content\/uploads\/2020\/12\/Bro\u0308llopsmagasinet_webb.jpg 1500w\" sizes=\"auto, (max-width: 300px) 100vw, 300px\" \/><\/a><\/div><a class=\"wp-block-latest-posts__post-title\" href=\"https:\/\/bridalmagazinegroup.com\/da\/online_ads\/\">Bryllupsmagasinet &#8211; Web<\/a><div class=\"wp-block-latest-posts__post-excerpt\">Hvis din virksomhed har et st\u00e6rkt onlinefokus, kan du n\u00e5 din m\u00e5lgruppe effektivt via disse specialdesignede produkter til internettet.  &hellip; <a href=\"https:\/\/bridalmagazinegroup.com\/da\/online_ads\/\" class=\"more-link\"><span class=\"more-button\">L\u00e4s Mer<span class=\"screen-reader-text\">Bryllupsmagasinet &#8211; Web<\/span><\/span><\/a><\/div><\/li>\n<li><div class=\"wp-block-latest-posts__featured-image alignleft\"><a href=\"https:\/\/bridalmagazinegroup.com\/da\/special_ads\/\" aria-label=\"Specialannoncer\"><img loading=\"lazy\" decoding=\"async\" width=\"300\" height=\"300\" src=\"https:\/\/bridalmagazinegroup.com\/wp-content\/uploads\/2021\/01\/Specialannonser-300x300.jpg\" class=\"attachment-medium size-medium wp-post-image\" alt=\"\" style=\"max-width:225px;max-height:225px;\" srcset=\"https:\/\/bridalmagazinegroup.com\/wp-content\/uploads\/2021\/01\/Specialannonser-300x300.jpg 300w, https:\/\/bridalmagazinegroup.com\/wp-content\/uploads\/2021\/01\/Specialannonser-1024x1024.jpg 1024w, https:\/\/bridalmagazinegroup.com\/wp-content\/uploads\/2021\/01\/Specialannonser-150x150.jpg 150w, https:\/\/bridalmagazinegroup.com\/wp-content\/uploads\/2021\/01\/Specialannonser-768x768.jpg 768w, https:\/\/bridalmagazinegroup.com\/wp-content\/uploads\/2021\/01\/Specialannonser-480x480.jpg 480w, https:\/\/bridalmagazinegroup.com\/wp-content\/uploads\/2021\/01\/Specialannonser-666x666.jpg 666w, https:\/\/bridalmagazinegroup.com\/wp-content\/uploads\/2021\/01\/Specialannonser.jpg 1500w\" sizes=\"auto, (max-width: 300px) 100vw, 300px\" \/><\/a><\/div><a class=\"wp-block-latest-posts__post-title\" href=\"https:\/\/bridalmagazinegroup.com\/da\/special_ads\/\">Specialannoncer<\/a><div class=\"wp-block-latest-posts__post-excerpt\">Specialdesignede annoncer, der er specielt designet til bestemte brancher. &hellip; <a href=\"https:\/\/bridalmagazinegroup.com\/da\/special_ads\/\" class=\"more-link\"><span class=\"more-button\">L\u00e4s Mer<span class=\"screen-reader-text\">Specialannoncer<\/span><\/span><\/a><\/div><\/li>\n<\/ul><\/div>\n<\/div>\n\n\n\n<p><\/p>\n","protected":false},"excerpt":{"rendered":"<p>Som samarbejdspartner til Bryllupsmagasinet, giver vi dig en unik mulighed for at blive set gennem alle de produkter, der er &hellip; <a href=\"https:\/\/bridalmagazinegroup.com\/da\/\" class=\"more-link\"><span class=\"more-button\">L\u00e4s Mer<span class=\"screen-reader-text\">Produkter<\/span><\/span><\/a><\/p>\n","protected":false},"author":5,"featured_media":188,"parent":0,"menu_order":0,"comment_status":"closed","ping_status":"closed","template":"templates\/right-sidebar.php","meta":{"footnotes":""},"class_list":["post-80","page","type-page","status-publish","has-post-thumbnail","hentry"],"translation":{"provider":"WPGlobus","version":"3.0.2","language":"da","enabled_languages":["en","sv","no","fi","da","gb"],"languages":{"en":{"title":true,"content":true,"excerpt":false},"sv":{"title":true,"content":true,"excerpt":false},"no":{"title":true,"content":true,"excerpt":false},"fi":{"title":true,"content":true,"excerpt":false},"da":{"title":true,"content":true,"excerpt":false},"gb":{"title":false,"content":false,"excerpt":false}}},"_links":{"self":[{"href":"https:\/\/bridalmagazinegroup.com\/da\/wp-json\/wp\/v2\/pages\/80","targetHints":{"allow":["GET"]}}],"collection":[{"href":"https:\/\/bridalmagazinegroup.com\/da\/wp-json\/wp\/v2\/pages"}],"about":[{"href":"https:\/\/bridalmagazinegroup.com\/da\/wp-json\/wp\/v2\/types\/page"}],"author":[{"embeddable":true,"href":"https:\/\/bridalmagazinegroup.com\/da\/wp-json\/wp\/v2\/users\/5"}],"replies":[{"embeddable":true,"href":"https:\/\/bridalmagazinegroup.com\/da\/wp-json\/wp\/v2\/comments?post=80"}],"version-history":[{"count":189,"href":"https:\/\/bridalmagazinegroup.com\/da\/wp-json\/wp\/v2\/pages\/80\/revisions"}],"predecessor-version":[{"id":3565,"href":"https:\/\/bridalmagazinegroup.com\/da\/wp-json\/wp\/v2\/pages\/80\/revisions\/3565"}],"wp:featuredmedia":[{"embeddable":true,"href":"https:\/\/bridalmagazinegroup.com\/da\/wp-json\/wp\/v2\/media\/188"}],"wp:attachment":[{"href":"https:\/\/bridalmagazinegroup.com\/da\/wp-json\/wp\/v2\/media?parent=80"}],"curies":[{"name":"wp","href":"https:\/\/api.w.org\/{rel}","templated":true}]}}