{"id":116,"date":"2020-12-10T13:59:42","date_gmt":"2020-12-10T12:59:42","guid":{"rendered":"http:\/\/bridalmagazinegroup.com\/?page_id=116"},"modified":"2025-09-09T14:14:15","modified_gmt":"2025-09-09T12:14:15","slug":"audiences","status":"publish","type":"page","link":"https:\/\/bridalmagazinegroup.com\/fi\/audiences\/","title":{"rendered":"Kohderyhm\u00e4 &#038; Tilastot"},"content":{"rendered":"\n<div class=\"wp-block-columns is-layout-flex wp-container-core-columns-is-layout-9d6595d7 wp-block-columns-is-layout-flex\">\n<div class=\"wp-block-column is-layout-flow wp-block-column-is-layout-flow\" style=\"flex-basis:100%\">\n<p>Kannattavan toiminnan edellytyksen\u00e4 on omien asiakkaiden ja kohderyhm\u00e4n tunteminen. T\u00e4h\u00e4n olemme panostaneet teett\u00e4m\u00e4ll\u00e4 vuosittain tutkimuksia pohjautuen s\u00e4hk\u00f6postitse ker\u00e4ttyihin tietoihin, juuri sinun tuhansilta tulevilta asiakkailtasi ja kohderyhm\u00e4\u00e4si kuuluvilta h\u00e4\u00e4pareilta. Alla tiivistetty\u00e4 tietoa heist\u00e4.<\/p>\n\n\n\n<p>Vuonna 2019 Suomessa vietettiin <strong>22.296 kpl h\u00e4it\u00e4 <\/strong>(Tilastokeskus 05\/2020).<\/p>\n\n\n\n<p><strong>Keski-ik\u00e4 <\/strong>naimisiin ment\u00e4ess\u00e4 oli 32,1 vuotta naisilla ja 34,2 vuotta miehille (Tilastokeskus 05\/2020).<\/p>\n\n\n\n<p><strong>30% <\/strong>kaikista h\u00e4ist\u00e4 vietettiin 2019 hein\u00e4-elokuun v\u00e4lisen\u00e4 aikana.<\/p>\n\n\n\n<p><strong>10.000\u20ac <\/strong>&#8211; n\u00e4in paljon h\u00e4\u00e4parit keskim\u00e4\u00e4rin k\u00e4ytt\u00e4v\u00e4t juhlaan. Mutta monet k\u00e4ytt\u00e4v\u00e4t t\u00e4t\u00e4 paljon suurempia summia ja trendi n\u00e4ytt\u00e4\u00e4 menev\u00e4n ylellisimpien h\u00e4iden suuntaan.<\/p>\n\n\n\n<p><strong>Noin 1.500.000 henkil\u00f6\u00e4 <\/strong>saa joka vuosi kutsun h\u00e4ihin! Keskim\u00e4\u00e4r\u00e4inen vierasm\u00e4\u00e4r\u00e4 on 70 henkil\u00f6\u00e4.<\/p>\n\n\n\n<figure class=\"wp-block-image size-large\"><img loading=\"lazy\" decoding=\"async\" width=\"1024\" height=\"667\" src=\"http:\/\/bridalmagazinegroup.com\/wp-content\/uploads\/2021\/01\/malgrupp1-1024x667.jpg\" alt=\"\" class=\"wp-image-1798\" srcset=\"https:\/\/bridalmagazinegroup.com\/wp-content\/uploads\/2021\/01\/malgrupp1-1024x667.jpg 1024w, https:\/\/bridalmagazinegroup.com\/wp-content\/uploads\/2021\/01\/malgrupp1-300x195.jpg 300w, https:\/\/bridalmagazinegroup.com\/wp-content\/uploads\/2021\/01\/malgrupp1-768x500.jpg 768w, https:\/\/bridalmagazinegroup.com\/wp-content\/uploads\/2021\/01\/malgrupp1-1536x1000.jpg 1536w, https:\/\/bridalmagazinegroup.com\/wp-content\/uploads\/2021\/01\/malgrupp1.jpg 1920w\" sizes=\"auto, (max-width: 1024px) 100vw, 1024px\" \/><\/figure>\n\n\n\n<h2 class=\"wp-block-heading\"><strong>Kohderyhm\u00e4n k\u00e4ytt\u00e4ytyminen<\/strong><\/h2>\n\n\n\n<p><\/p>\n\n\n\n<p>H\u00e4\u00e4p\u00e4iv\u00e4\u00e4n liittyvien hankintojen osalta on pariskunnilla selv\u00e4sti havaittavissa tietty k\u00e4ytt\u00e4ytyminen. Tutkimusten mukaan p\u00e4\u00e4t\u00f6ksen teko on pitk\u00e4 prosessi johon h\u00e4\u00e4pari k\u00e4ytt\u00e4\u00e4 paljon aikaa. P\u00e4\u00e4t\u00f6kset koetaan eritt\u00e4in t\u00e4rkeiksi ja niit\u00e4 voikin verrata uuden auton tai asunnon ostamiseen. Ennen lopullista p\u00e4\u00e4t\u00f6st\u00e4 pariskunnat haluavat tutustua mahdollisimman moneen tuotteseen tai palveluun. Koska prosessi on pitk\u00e4, on t\u00e4rke\u00e4\u00e4 ett\u00e4 yrityksesi on n\u00e4kyvill\u00e4 h\u00e4\u00e4pareille koko prosessin ajan ja H\u00e4\u00e4t Ja Juhlat antaa t\u00e4h\u00e4n mahdollisuuden.<\/p>\n\n\n\n<figure class=\"wp-block-image size-large\"><img loading=\"lazy\" decoding=\"async\" width=\"1024\" height=\"456\" src=\"http:\/\/bridalmagazinegroup.com\/wp-content\/uploads\/2021\/01\/malgrupp2-1-1024x456.jpg\" alt=\"\" class=\"wp-image-1800\" srcset=\"https:\/\/bridalmagazinegroup.com\/wp-content\/uploads\/2021\/01\/malgrupp2-1-1024x456.jpg 1024w, https:\/\/bridalmagazinegroup.com\/wp-content\/uploads\/2021\/01\/malgrupp2-1-300x134.jpg 300w, https:\/\/bridalmagazinegroup.com\/wp-content\/uploads\/2021\/01\/malgrupp2-1-768x342.jpg 768w, https:\/\/bridalmagazinegroup.com\/wp-content\/uploads\/2021\/01\/malgrupp2-1-1536x684.jpg 1536w, https:\/\/bridalmagazinegroup.com\/wp-content\/uploads\/2021\/01\/malgrupp2-1.jpg 1920w\" sizes=\"auto, (max-width: 1024px) 100vw, 1024px\" \/><\/figure>\n\n\n\n<h2 class=\"wp-block-heading\"><strong>N\u00e4in tavoitat t\u00e4m\u00e4n kohderyhm\u00e4n:<\/strong><\/h2>\n\n\n\n<p>Jokaista ilmestynytt\u00e4 H\u00e4\u00e4t Ja Juhlat -lehte\u00e4 luetaan tutkimustemme mukaan useita kertoja ja keskim\u00e4\u00e4r\u00e4isesti lukijoita on nelj\u00e4\/lehti. Lehti toimii koko suunnitteluajan h\u00e4\u00e4parin tietol\u00e4hteen\u00e4 mik\u00e4 tarkoittaa ett\u00e4 yrityksesi saa n\u00e4kyvyytt\u00e4\u00e4 useamman kerran mik\u00e4 vahvistaa h\u00e4\u00e4parin luottamusta yritykseesi.<\/p>\n\n\n\n<p>Kun valitsette H\u00e4\u00e4t Ja Juhlat markkinointikanavaksenne tavoitatte tehokkaasti h\u00e4\u00e4parit ja vieraat. Pid\u00e4mme huolta siit\u00e4 ett\u00e4 yrityksesi on n\u00e4kyvill\u00e4 kaikilla alustoilla mist\u00e4 pariskunnat t\u00e4n\u00e4\u00e4n etsiv\u00e4t tietoa tuleviin h\u00e4ihins\u00e4. Lehtemme levikki on vaikuttavat <strong>84.000 lukijaa, <\/strong>verkkosivullamme k\u00e4y kuukausittain <strong>13.500 henkil\u00f6\u00e4 (33.700 n\u00e4ytt\u00f6kertaa) <\/strong>ja uutiskirjeemme ja sosiaalisen median p\u00e4ivityksemme tavoittavat tulevat asiakkaasi suoraan \u00e4lylaitteiden kautta. &nbsp;&nbsp;<\/p>\n\n\n\n<p><\/p>\n\n\n\n<figure class=\"wp-block-image size-large\"><img loading=\"lazy\" decoding=\"async\" width=\"1024\" height=\"683\" src=\"http:\/\/bridalmagazinegroup.com\/wp-content\/uploads\/2021\/01\/malgrupp3_SE_ENG-1024x683.jpg\" alt=\"\" class=\"wp-image-1803\" srcset=\"https:\/\/bridalmagazinegroup.com\/wp-content\/uploads\/2021\/01\/malgrupp3_SE_ENG-1024x683.jpg 1024w, https:\/\/bridalmagazinegroup.com\/wp-content\/uploads\/2021\/01\/malgrupp3_SE_ENG-300x200.jpg 300w, https:\/\/bridalmagazinegroup.com\/wp-content\/uploads\/2021\/01\/malgrupp3_SE_ENG-768x512.jpg 768w, https:\/\/bridalmagazinegroup.com\/wp-content\/uploads\/2021\/01\/malgrupp3_SE_ENG-1536x1024.jpg 1536w, https:\/\/bridalmagazinegroup.com\/wp-content\/uploads\/2021\/01\/malgrupp3_SE_ENG.jpg 1920w\" sizes=\"auto, (max-width: 1024px) 100vw, 1024px\" \/><\/figure>\n\n\n\n<p><em><em><em>*L\u00e4hteet: scb.se, omat haatjajuhlat.fi kyselytutkimukset sek\u00e4 Google Analytics.<\/em><\/em><\/em><\/p>\n<\/div>\n<\/div>\n\n\n\n<p><\/p>\n\n\n\n<p class=\"has-text-align-right\"><\/p>\n","protected":false},"excerpt":{"rendered":"<p>Kannattavan toiminnan edellytyksen\u00e4 on omien asiakkaiden ja kohderyhm\u00e4n tunteminen. T\u00e4h\u00e4n olemme panostaneet teett\u00e4m\u00e4ll\u00e4 vuosittain tutkimuksia pohjautuen s\u00e4hk\u00f6postitse ker\u00e4ttyihin tietoihin, juuri &hellip; <a href=\"https:\/\/bridalmagazinegroup.com\/fi\/audiences\/\" class=\"more-link\"><span class=\"more-button\">L\u00e4s Mer<span class=\"screen-reader-text\">Kohderyhm\u00e4 &#038; Tilastot<\/span><\/span><\/a><\/p>\n","protected":false},"author":5,"featured_media":0,"parent":0,"menu_order":0,"comment_status":"closed","ping_status":"closed","template":"templates\/right-sidebar.php","meta":{"footnotes":""},"class_list":["post-116","page","type-page","status-publish","hentry"],"translation":{"provider":"WPGlobus","version":"3.0.2","language":"fi","enabled_languages":["en","sv","no","fi","da","gb"],"languages":{"en":{"title":true,"content":true,"excerpt":false},"sv":{"title":true,"content":true,"excerpt":false},"no":{"title":true,"content":true,"excerpt":false},"fi":{"title":true,"content":true,"excerpt":false},"da":{"title":true,"content":true,"excerpt":false},"gb":{"title":false,"content":false,"excerpt":false}}},"_links":{"self":[{"href":"https:\/\/bridalmagazinegroup.com\/fi\/wp-json\/wp\/v2\/pages\/116","targetHints":{"allow":["GET"]}}],"collection":[{"href":"https:\/\/bridalmagazinegroup.com\/fi\/wp-json\/wp\/v2\/pages"}],"about":[{"href":"https:\/\/bridalmagazinegroup.com\/fi\/wp-json\/wp\/v2\/types\/page"}],"author":[{"embeddable":true,"href":"https:\/\/bridalmagazinegroup.com\/fi\/wp-json\/wp\/v2\/users\/5"}],"replies":[{"embeddable":true,"href":"https:\/\/bridalmagazinegroup.com\/fi\/wp-json\/wp\/v2\/comments?post=116"}],"version-history":[{"count":50,"href":"https:\/\/bridalmagazinegroup.com\/fi\/wp-json\/wp\/v2\/pages\/116\/revisions"}],"predecessor-version":[{"id":3597,"href":"https:\/\/bridalmagazinegroup.com\/fi\/wp-json\/wp\/v2\/pages\/116\/revisions\/3597"}],"wp:attachment":[{"href":"https:\/\/bridalmagazinegroup.com\/fi\/wp-json\/wp\/v2\/media?parent=116"}],"curies":[{"name":"wp","href":"https:\/\/api.w.org\/{rel}","templated":true}]}}