{"id":348,"date":"2020-12-15T10:29:54","date_gmt":"2020-12-15T09:29:54","guid":{"rendered":"http:\/\/bridalmagazinegroup.com\/?page_id=348"},"modified":"2022-01-25T11:16:37","modified_gmt":"2022-01-25T10:16:37","slug":"history","status":"publish","type":"page","link":"https:\/\/bridalmagazinegroup.com\/fi\/history\/","title":{"rendered":"Historiamme"},"content":{"rendered":"\n<div class=\"wp-block-columns is-layout-flex wp-container-core-columns-is-layout-9d6595d7 wp-block-columns-is-layout-flex\">\n<div class=\"wp-block-column is-layout-flow wp-block-column-is-layout-flow\" style=\"flex-basis:100%\">\n<hr class=\"wp-block-separator is-style-wide\"\/>\n\n\n\n<h2 class=\"wp-block-heading\"><strong>Media-alan yritys<\/strong><\/h2>\n\n\n\n<p><\/p>\n\n\n\n<p>Bridal Magazine Group on merkitt\u00e4v\u00e4 h\u00e4\u00e4alan mediayritys joka menestyksekk\u00e4\u00e4sti tuottaa pariskuntien h\u00e4\u00e4suunnittelussa tarvitsemaa sis\u00e4lt\u00f6\u00e4. Tutkimusten mukaan h\u00e4\u00e4parit etsiv\u00e4t sek\u00e4 inspiraatiota ett\u00e4 hankkivat tietoa ennen kuin tekev\u00e4t p\u00e4\u00e4t\u00f6ksi\u00e4 ja t\u00e4h\u00e4n seikkaan olemme ainoana media-alan yrityksen\u00e4 kiinnitt\u00e4neet huomiota.&nbsp;<\/p>\n\n\n\n<p>Olemme investoineet taidokkaaseen toimitukseen jossa ty\u00f6ntekij\u00e4mme p\u00e4ivitt\u00e4in tuottavat toimituksellista sis\u00e4lt\u00f6\u00e4 kaikkien eri alustojemme k\u00e4ytt\u00f6\u00f6n. T\u00e4m\u00e4 toimintatapa on alalla ainutlaatuinen ja juuri t\u00e4m\u00e4n tiedon ansiosta h\u00e4\u00e4parit k\u00e4\u00e4ntyv\u00e4t yhteisty\u00f6kumppaneidemme, kaltaisesi asiantuntijoiden puoleen, kun he tekev\u00e4t h\u00e4\u00e4suunnitteluun liittyvi\u00e4 p\u00e4\u00e4t\u00f6ksi\u00e4.<\/p>\n\n\n\n<p>Inspiraatiota ja t\u00e4rke\u00e4\u00e4 tietoa antavien toimituksellisten tekstien lis\u00e4ksi h\u00e4\u00e4parit etsiv\u00e4t my\u00f6s konkreettisesti alan toimijoita. H\u00e4\u00e4t Ja Juhlat -lehden yhteisty\u00f6kumppanina pid\u00e4mme huolen siit\u00e4 ett\u00e4 yrityksesi saa n\u00e4kyvyytt\u00e4 niiss\u00e4 kanavissa joista h\u00e4\u00e4parit tietoa etsiv\u00e4t. T\u00e4m\u00e4n avulla saat omaan yritykseesi oikeita asiakkaita eik\u00e4 ainoastaan sometykk\u00e4yksi\u00e4.&nbsp;<\/p>\n\n\n\n<p>Alusta vuonna 1993 alkaen kustantamo on pystynyt auttamaan h\u00e4\u00e4pareja ja olemaan heille h\u00e4\u00e4suunnittelun t\u00e4rkein tietokanava. Informatiiviset ja inspiroivat artikkelit ovat auttaneet h\u00e4\u00e4pareja tekem\u00e4\u00e4n viisaita p\u00e4\u00e4t\u00f6ksi\u00e4 ja sin\u00e4 yhteisty\u00f6kumppanina olet ollut heille n\u00e4kyvill\u00e4 koko suunnitteluprosessin ajan.<\/p>\n\n\n\n<h2 class=\"wp-block-heading\"><strong><strong>Historia<\/strong><\/strong><\/h2>\n\n\n\n<p><\/p>\n\n\n\n<p><strong>1993<\/strong> \u2013 Pohjoismaiden ensimm\u00e4inen h\u00e4\u00e4kustantamo (lehti) perustetaan Frederiksbergiss\u00e4, Tanskassa<\/p>\n\n\n\n<p><strong>1997<\/strong> \u2013 Yhti\u00f6 laajenee ja toiminta aloitetaan Ruotsissa. Nykyinen omistaja ja TJ Anders Wallgren liittyy hallitukseen.<\/p>\n\n\n\n<p><strong>1999<\/strong> \u2013 Anders Wallgren ostaa yhti\u00f6n jolla t\u00e4ss\u00e4 vaiheessa on toimintaa Tanskassa ja Ruotsissa<\/p>\n\n\n\n<p><strong>2000<\/strong> \u2013 Yhti\u00f6 jatkaa laajenemistaan ja aloittaa toimintansa Norjassa. Kustantamo kasvaa ja on nyt alan ainoa toimija kolmessa Pohjoismaassa.<\/p>\n\n\n\n<p><strong>2001<\/strong> \u2013 Bridal Magazine Group k\u00e4ynnist\u00e4\u00e4 lehte\u00e4 t\u00e4ydent\u00e4m\u00e4\u00e4n verkkosivun keskittyen toimitukselliseen sis\u00e4lt\u00f6\u00f6n ja h\u00e4\u00e4alan toimijoihin.<\/p>\n\n\n\n<p><strong>2005<\/strong> \u2013 Toiminta aloitetaan Suomessa ja yhti\u00f6 on t\u00e4ten laajentunut nelj\u00e4\u00e4n Pohjoismaahan<\/p>\n\n\n\n<p><strong>2008<\/strong> \u2013 B2B -lehti Nordic Bridal tuodaan markkinoille Pohjoismaiden ainoana h\u00e4\u00e4alan B2B -tuotteena<\/p>\n\n\n\n<p><strong>2009<\/strong> \u2013 Nopean tiedonjaon t\u00e4rke\u00e4ksi uutiskanavaksi avataan Nordic Bridal -aikakauslehte\u00e4 t\u00e4ydent\u00e4m\u00e4\u00e4n h\u00e4\u00e4alan toimijoille suunnattu verkkosivu<\/p>\n\n\n\n<p><strong>2014<\/strong> \u2013 Sis\u00e4\u00e4nostomessut Nordic Bridal Show j\u00e4rjestet\u00e4\u00e4n ensimm\u00e4ist\u00e4 kertaa K\u00f6penhaminassa, Tanskassa. H\u00e4\u00e4liikkeiden edustajat nelj\u00e4st\u00e4 Pohjoismaasta tapaavat suunnittelijoita ja valmistajia tulevan kauden sis\u00e4\u00e4nostojen merkeiss\u00e4.&nbsp;<\/p>\n\n\n\n<p><strong>2017<\/strong> \u2013 T\u00e4ysip\u00e4iv\u00e4isesti sis\u00e4lt\u00f6\u00e4 verkkosivulle ja sosiaaliisin medioihin tuottava oma verkkotoimitus muodostetaan<\/p>\n\n\n\n<figure class=\"wp-block-image size-large\"><img loading=\"lazy\" decoding=\"async\" width=\"1024\" height=\"684\" src=\"http:\/\/bridalmagazinegroup.com\/wp-content\/uploads\/2021\/01\/FI_AnnaStormPhoto-20-1024x684.jpg\" alt=\"\" class=\"wp-image-1727\" srcset=\"https:\/\/bridalmagazinegroup.com\/wp-content\/uploads\/2021\/01\/FI_AnnaStormPhoto-20-1024x684.jpg 1024w, https:\/\/bridalmagazinegroup.com\/wp-content\/uploads\/2021\/01\/FI_AnnaStormPhoto-20-300x200.jpg 300w, https:\/\/bridalmagazinegroup.com\/wp-content\/uploads\/2021\/01\/FI_AnnaStormPhoto-20-768x513.jpg 768w, https:\/\/bridalmagazinegroup.com\/wp-content\/uploads\/2021\/01\/FI_AnnaStormPhoto-20-1536x1026.jpg 1536w, https:\/\/bridalmagazinegroup.com\/wp-content\/uploads\/2021\/01\/FI_AnnaStormPhoto-20.jpg 1920w\" sizes=\"auto, (max-width: 1024px) 100vw, 1024px\" \/><\/figure>\n<\/div>\n<\/div>\n\n\n\n<p><\/p>\n","protected":false},"excerpt":{"rendered":"<p>Media-alan yritys Bridal Magazine Group on merkitt\u00e4v\u00e4 h\u00e4\u00e4alan mediayritys joka menestyksekk\u00e4\u00e4sti tuottaa pariskuntien h\u00e4\u00e4suunnittelussa tarvitsemaa sis\u00e4lt\u00f6\u00e4. Tutkimusten mukaan h\u00e4\u00e4parit etsiv\u00e4t &hellip; <a href=\"https:\/\/bridalmagazinegroup.com\/fi\/history\/\" class=\"more-link\"><span class=\"more-button\">L\u00e4s Mer<span class=\"screen-reader-text\">Historiamme<\/span><\/span><\/a><\/p>\n","protected":false},"author":5,"featured_media":0,"parent":0,"menu_order":0,"comment_status":"closed","ping_status":"closed","template":"templates\/right-sidebar.php","meta":{"footnotes":""},"class_list":["post-348","page","type-page","status-publish","hentry"],"translation":{"provider":"WPGlobus","version":"3.0.2","language":"fi","enabled_languages":["en","sv","no","fi","da","gb"],"languages":{"en":{"title":true,"content":true,"excerpt":false},"sv":{"title":true,"content":true,"excerpt":false},"no":{"title":true,"content":true,"excerpt":false},"fi":{"title":true,"content":true,"excerpt":false},"da":{"title":true,"content":true,"excerpt":false},"gb":{"title":false,"content":false,"excerpt":false}}},"_links":{"self":[{"href":"https:\/\/bridalmagazinegroup.com\/fi\/wp-json\/wp\/v2\/pages\/348","targetHints":{"allow":["GET"]}}],"collection":[{"href":"https:\/\/bridalmagazinegroup.com\/fi\/wp-json\/wp\/v2\/pages"}],"about":[{"href":"https:\/\/bridalmagazinegroup.com\/fi\/wp-json\/wp\/v2\/types\/page"}],"author":[{"embeddable":true,"href":"https:\/\/bridalmagazinegroup.com\/fi\/wp-json\/wp\/v2\/users\/5"}],"replies":[{"embeddable":true,"href":"https:\/\/bridalmagazinegroup.com\/fi\/wp-json\/wp\/v2\/comments?post=348"}],"version-history":[{"count":46,"href":"https:\/\/bridalmagazinegroup.com\/fi\/wp-json\/wp\/v2\/pages\/348\/revisions"}],"predecessor-version":[{"id":3349,"href":"https:\/\/bridalmagazinegroup.com\/fi\/wp-json\/wp\/v2\/pages\/348\/revisions\/3349"}],"wp:attachment":[{"href":"https:\/\/bridalmagazinegroup.com\/fi\/wp-json\/wp\/v2\/media?parent=348"}],"curies":[{"name":"wp","href":"https:\/\/api.w.org\/{rel}","templated":true}]}}