{"id":116,"date":"2020-12-10T13:59:42","date_gmt":"2020-12-10T12:59:42","guid":{"rendered":"http:\/\/bridalmagazinegroup.com\/?page_id=116"},"modified":"2025-09-09T14:14:15","modified_gmt":"2025-09-09T12:14:15","slug":"audiences","status":"publish","type":"page","link":"https:\/\/bridalmagazinegroup.com\/no\/audiences\/","title":{"rendered":"M\u00e5lgruppe &#038; Statistikk"},"content":{"rendered":"\n<div class=\"wp-block-columns is-layout-flex wp-container-core-columns-is-layout-9d6595d7 wp-block-columns-is-layout-flex\">\n<div class=\"wp-block-column is-layout-flow wp-block-column-is-layout-flow\" style=\"flex-basis:100%\">\n<hr class=\"wp-block-separator has-css-opacity is-style-wide\"\/>\n\n\n\n<h3 class=\"wp-block-heading\" id=\"block-2f4c2bf1-9efb-4f80-82dc-3dba6f0d4a38\">M\u00e5lgrupper Norge<\/h3>\n\n\n\n<p>For \u00e5 drive en l\u00f8nnsom bedrift er det ekstremt viktig \u00e5 forst\u00e5 handlingsm\u00f8nsteret til kundene dine og \u00e5 vite hvem m\u00e5lgruppen er. Vi har samlet inn fakta om dette og gj\u00f8r \u00e5rlige unders\u00f8kelser gjennom v\u00e5re tusenvis av e-postadresser til brudepar, der vi samler inn statistikk fra m\u00e5lgruppen din og dine fremtidige kunder. Her kommer noen viktige fakta om m\u00e5lgruppen din.<\/p>\n\n\n\n<p><strong>Gjennomsnittsalderen<\/strong> p\u00e5 de som gifter seg i dag er <strong>35,2 \u00e5r<\/strong> for kvinner<strong> <\/strong>og <strong>37,2 \u00e5r<\/strong> for menn <em>(statistikk fra 2024)<\/em><\/p>\n\n\n\n<p><strong>21 136 bryllup<\/strong> &#8211; i gjennomsnitt er det s\u00e5 mange bryllup hvert \u00e5r i Norge <em>(statistikk fra 2024).<\/em><\/p>\n\n\n\n<p><strong>45%<\/strong> av alle bryllup i l\u00f8pet av et \u00e5r holdes i perioden juni-august.<\/p>\n\n\n\n<p><strong>176.000 kr <\/strong>&#8211; s\u00e5 mye bruker brudeparet i gjennomsnitt p\u00e5 bryllupet sitt. Men mange bruker mye mer enn det p\u00e5 bryllupsdagen, og vi ser at trenden rundt mer eksklusive bryllup \u00f8ker. <strong>15 % legger over 300.000 kr<\/strong> p\u00e5 bryllupet sitt. <a href=\"https:\/\/www.bryllupsmagasinet.no\/hva-legger-vi-egentlig-pa-bryllupet-bryllupsgavene-og-brudekjolen\/\">LES MER HER<\/a><\/p>\n\n\n\n<p><strong>1.514 660 gjester<\/strong> bes i bryllup hvert \u00e5r! Gjennomsnittlig antall gjester per bryllup er 75.<\/p>\n\n\n\n<figure class=\"wp-block-image size-large\"><img loading=\"lazy\" decoding=\"async\" width=\"1024\" height=\"667\" src=\"http:\/\/bridalmagazinegroup.com\/wp-content\/uploads\/2021\/01\/malgrupp1-1024x667.jpg\" alt=\"\" class=\"wp-image-1798\" srcset=\"https:\/\/bridalmagazinegroup.com\/wp-content\/uploads\/2021\/01\/malgrupp1-1024x667.jpg 1024w, https:\/\/bridalmagazinegroup.com\/wp-content\/uploads\/2021\/01\/malgrupp1-300x195.jpg 300w, https:\/\/bridalmagazinegroup.com\/wp-content\/uploads\/2021\/01\/malgrupp1-768x500.jpg 768w, https:\/\/bridalmagazinegroup.com\/wp-content\/uploads\/2021\/01\/malgrupp1-1536x1000.jpg 1536w, https:\/\/bridalmagazinegroup.com\/wp-content\/uploads\/2021\/01\/malgrupp1.jpg 1920w\" sizes=\"auto, (max-width: 1024px) 100vw, 1024px\" \/><\/figure>\n\n\n\n<h2 class=\"wp-block-heading\">M\u00e5lgruppens handlingsm\u00f8nster<\/h2>\n\n\n\n<p><br>Det er et tydelig handlingsm\u00f8nster hos brudepar n\u00e5r det gjelder innhandling til bryllupsdagen. Statistikk viser at det er en lang prosess der brudeparet tar seg god tid f\u00f8r de tar en beslutning.<\/p>\n\n\n\n<p>Valgene de tar er noen av de st\u00f8rste i livet og kan sammenlignes med \u00e5 kj\u00f8pe en ny bil eller et hjem der brudeparet vil ha mange forskjellige produkter \u00e5 velge mellom f\u00f8r de tar de endelige valgene. Beslutningsprosessen er lang, og her er det viktig at du er synlig for dem gjennom hele prosessen. Med Bryllupsmagasinet gir vi deg denne muligheten.<\/p>\n\n\n\n<figure class=\"wp-block-image size-large\"><img loading=\"lazy\" decoding=\"async\" width=\"1024\" height=\"456\" src=\"http:\/\/bridalmagazinegroup.com\/wp-content\/uploads\/2021\/01\/malgrupp2-1-1024x456.jpg\" alt=\"\" class=\"wp-image-1800\" srcset=\"https:\/\/bridalmagazinegroup.com\/wp-content\/uploads\/2021\/01\/malgrupp2-1-1024x456.jpg 1024w, https:\/\/bridalmagazinegroup.com\/wp-content\/uploads\/2021\/01\/malgrupp2-1-300x134.jpg 300w, https:\/\/bridalmagazinegroup.com\/wp-content\/uploads\/2021\/01\/malgrupp2-1-768x342.jpg 768w, https:\/\/bridalmagazinegroup.com\/wp-content\/uploads\/2021\/01\/malgrupp2-1-1536x684.jpg 1536w, https:\/\/bridalmagazinegroup.com\/wp-content\/uploads\/2021\/01\/malgrupp2-1.jpg 1920w\" sizes=\"auto, (max-width: 1024px) 100vw, 1024px\" \/><\/figure>\n\n\n\n<h2 class=\"wp-block-heading\">Slik n\u00e5r du m\u00e5lgruppen din:<\/h2>\n\n\n\n<p><br>I f\u00f8lge v\u00e5re unders\u00f8kelser blir hvert nummer av Bryllupsmagasinet lest flere ganger og i gjennomsnitt av <strong>4 lesere.<\/strong> Magasinet brukes gjennom hele planleggingen av brudeparet, og dette betyr at du eksponeres mer enn en gang for brudeparet, noe som skaper en sterk tillit til deg.<\/p>\n\n\n\n<p>Du som har valgt Bryllupsmagasinet som din markedsf\u00f8ringskanal, n\u00e5r ut til brudeparet og gjestene deres p\u00e5 en effektiv m\u00e5te. Vi s\u00f8rger for at du er synlig p\u00e5 alle plattformene dagens brudeparet s\u00f8ker informasjon p\u00e5 f\u00f8r bryllupet<\/p>\n\n\n\n<p>Magasinet v\u00e5rt har en imponerende rekkevidde p\u00e5 <strong>84 000 lesere<\/strong>, hjemmesiden v\u00e5r leses av <strong>16 700 bes\u00f8kende<\/strong> hver m\u00e5ned (<strong>58.800 sidevisninger<\/strong>), og gjennom v\u00e5re nyhetsbrev og sosiale medier n\u00e5r vi potensielle kunder direkte i mobilen.<\/p>\n\n\n\n<figure class=\"wp-block-image size-large\"><img loading=\"lazy\" decoding=\"async\" width=\"1024\" height=\"683\" src=\"http:\/\/bridalmagazinegroup.com\/wp-content\/uploads\/2021\/01\/malgrupp3_NO-1024x683.jpg\" alt=\"\" class=\"wp-image-1801\" srcset=\"https:\/\/bridalmagazinegroup.com\/wp-content\/uploads\/2021\/01\/malgrupp3_NO-1024x683.jpg 1024w, https:\/\/bridalmagazinegroup.com\/wp-content\/uploads\/2021\/01\/malgrupp3_NO-300x200.jpg 300w, https:\/\/bridalmagazinegroup.com\/wp-content\/uploads\/2021\/01\/malgrupp3_NO-768x512.jpg 768w, https:\/\/bridalmagazinegroup.com\/wp-content\/uploads\/2021\/01\/malgrupp3_NO-1536x1024.jpg 1536w, https:\/\/bridalmagazinegroup.com\/wp-content\/uploads\/2021\/01\/malgrupp3_NO.jpg 1920w\" sizes=\"auto, (max-width: 1024px) 100vw, 1024px\" \/><\/figure>\n\n\n\n<p><em>*Kilder: Statistisk sentralbyr\u00e5, egne unders\u00f8kelser p\u00e5 <a href=\"https:\/\/www.bryllupsmagasinet.no\">bryllupsmagasinet.no<\/a> samt Google Analytics.<\/em><\/p>\n<\/div>\n<\/div>\n\n\n\n<p><\/p>\n","protected":false},"excerpt":{"rendered":"<p>M\u00e5lgrupper Norge For \u00e5 drive en l\u00f8nnsom bedrift er det ekstremt viktig \u00e5 forst\u00e5 handlingsm\u00f8nsteret til kundene dine og \u00e5 &hellip; <a href=\"https:\/\/bridalmagazinegroup.com\/no\/audiences\/\" class=\"more-link\"><span class=\"more-button\">L\u00e4s Mer<span class=\"screen-reader-text\">M\u00e5lgruppe &#038; Statistikk<\/span><\/span><\/a><\/p>\n","protected":false},"author":5,"featured_media":0,"parent":0,"menu_order":0,"comment_status":"closed","ping_status":"closed","template":"templates\/right-sidebar.php","meta":{"footnotes":""},"class_list":["post-116","page","type-page","status-publish","hentry"],"translation":{"provider":"WPGlobus","version":"3.0.2","language":"no","enabled_languages":["en","sv","no","fi","da","gb"],"languages":{"en":{"title":true,"content":true,"excerpt":false},"sv":{"title":true,"content":true,"excerpt":false},"no":{"title":true,"content":true,"excerpt":false},"fi":{"title":true,"content":true,"excerpt":false},"da":{"title":true,"content":true,"excerpt":false},"gb":{"title":false,"content":false,"excerpt":false}}},"_links":{"self":[{"href":"https:\/\/bridalmagazinegroup.com\/no\/wp-json\/wp\/v2\/pages\/116","targetHints":{"allow":["GET"]}}],"collection":[{"href":"https:\/\/bridalmagazinegroup.com\/no\/wp-json\/wp\/v2\/pages"}],"about":[{"href":"https:\/\/bridalmagazinegroup.com\/no\/wp-json\/wp\/v2\/types\/page"}],"author":[{"embeddable":true,"href":"https:\/\/bridalmagazinegroup.com\/no\/wp-json\/wp\/v2\/users\/5"}],"replies":[{"embeddable":true,"href":"https:\/\/bridalmagazinegroup.com\/no\/wp-json\/wp\/v2\/comments?post=116"}],"version-history":[{"count":50,"href":"https:\/\/bridalmagazinegroup.com\/no\/wp-json\/wp\/v2\/pages\/116\/revisions"}],"predecessor-version":[{"id":3597,"href":"https:\/\/bridalmagazinegroup.com\/no\/wp-json\/wp\/v2\/pages\/116\/revisions\/3597"}],"wp:attachment":[{"href":"https:\/\/bridalmagazinegroup.com\/no\/wp-json\/wp\/v2\/media?parent=116"}],"curies":[{"name":"wp","href":"https:\/\/api.w.org\/{rel}","templated":true}]}}