{"id":348,"date":"2020-12-15T10:29:54","date_gmt":"2020-12-15T09:29:54","guid":{"rendered":"http:\/\/bridalmagazinegroup.com\/?page_id=348"},"modified":"2022-01-25T11:16:37","modified_gmt":"2022-01-25T10:16:37","slug":"history","status":"publish","type":"page","link":"https:\/\/bridalmagazinegroup.com\/no\/history\/","title":{"rendered":"V\u00e5r historie"},"content":{"rendered":"\n<div class=\"wp-block-columns is-layout-flex wp-container-core-columns-is-layout-9d6595d7 wp-block-columns-is-layout-flex\">\n<div class=\"wp-block-column is-layout-flow wp-block-column-is-layout-flow\" style=\"flex-basis:100%\">\n<p>Helt siden starten i 1993 har Bryllupsmagasinet guidet brudepar og v\u00e6rt deres viktigste hjelpemiddel i bryllupsplanleggingen. Gjennom informative og inspirerende innhold har brudeparene kunnet fatte kloke beslutninger og du som samarbeidspartner har blitt synlig for dem i l\u00f8pet av hele planleggingsprosessen. &nbsp;<\/p>\n\n\n\n<h2 class=\"wp-block-heading\">V\u00e5r historie <\/h2>\n\n\n\n<p><\/p>\n\n\n\n<p><strong>1993<\/strong> &#8211; Nordens f\u00f8rste bryllupsforlag (bryllupsblad) grunnlegges i Frederiksberg, Danmark <\/p>\n\n\n\n<p><strong>1997<\/strong> &#8211; Selskapet utvider og starter virksomhet i Sverige. N\u00e5v\u00e6rende eier og administrerende direkt\u00f8r Anders Wallgren kommer inn i styret i selskapet <\/p>\n\n\n\n<p><strong>1999<\/strong> &#8211; Anders Wallgren kj\u00f8per selskapet, som deretter har virksomhet i Danmark og Sverige <\/p>\n\n\n\n<p><strong>2000<\/strong> &#8211; Selskapet utvider ytterligere og starter opp virksomheten i Norge. Forlaget vokser og er n\u00e5 det eneste bryllupsforlaget i tre nordiske land. <\/p>\n\n\n\n<p><strong>2001<\/strong> &#8211; Bryllupsmagasinet lanserer et nettsted som et supplement til bladet med fokus p\u00e5 redaksjonelt innhold og samarbeidspartnere i bryllupsbransjen. <\/p>\n\n\n\n<p><strong>2005<\/strong> &#8211; Etablering finner sted i Finland, og forlaget har dermed ekspandert til fire nordiske land. <\/p>\n\n\n\n<p><strong>2008<\/strong> &#8211; Business to Business- Magasinet Nordic Bridal lanseres som det eneste B2B-produktet for bryllupsbransjen i Norden. <\/p>\n\n\n\n<p><strong>2009<\/strong> &#8211; Magasinet Nordic Bridal suppleres med en egen nettside der rask informasjon og viktige nyheter kan gis til akt\u00f8rer i bryllupsbransjen fortl\u00f8pende. <\/p>\n\n\n\n<p><strong>2014<\/strong> &#8211; Innkj\u00f8psmessen Nordic Bridal Show lanseres og finner sted i K\u00f8benhavn, Danmark. Butikker fra de fire nordiske landene reiser hit for \u00e5 treffes og gj\u00f8re innkj\u00f8p fra leverand\u00f8rer og designere for den kommende sesongen. <\/p>\n\n\n\n<p><strong>2017<\/strong> &#8211; En helt ny redaksjonsavdeling for web blir satt opp og Bryllupsmagasinet ansetter redakt\u00f8r som jobber fulltid med \u00e5 produsere innhold til nettstedet og sosiale medier. <\/p>\n\n\n\n<figure class=\"wp-block-image size-large\"><img loading=\"lazy\" decoding=\"async\" width=\"1024\" height=\"684\" src=\"http:\/\/bridalmagazinegroup.com\/wp-content\/uploads\/2021\/01\/NO_AnnaStormPhoto-31-1024x684.jpg\" alt=\"\" class=\"wp-image-1745\" srcset=\"https:\/\/bridalmagazinegroup.com\/wp-content\/uploads\/2021\/01\/NO_AnnaStormPhoto-31-1024x684.jpg 1024w, https:\/\/bridalmagazinegroup.com\/wp-content\/uploads\/2021\/01\/NO_AnnaStormPhoto-31-300x200.jpg 300w, https:\/\/bridalmagazinegroup.com\/wp-content\/uploads\/2021\/01\/NO_AnnaStormPhoto-31-768x513.jpg 768w, https:\/\/bridalmagazinegroup.com\/wp-content\/uploads\/2021\/01\/NO_AnnaStormPhoto-31-1536x1026.jpg 1536w, https:\/\/bridalmagazinegroup.com\/wp-content\/uploads\/2021\/01\/NO_AnnaStormPhoto-31.jpg 1920w\" sizes=\"auto, (max-width: 1024px) 100vw, 1024px\" \/><\/figure>\n<\/div>\n<\/div>\n\n\n\n<p><\/p>\n","protected":false},"excerpt":{"rendered":"<p>Helt siden starten i 1993 har Bryllupsmagasinet guidet brudepar og v\u00e6rt deres viktigste hjelpemiddel i bryllupsplanleggingen. Gjennom informative og inspirerende &hellip; <a href=\"https:\/\/bridalmagazinegroup.com\/no\/history\/\" class=\"more-link\"><span class=\"more-button\">L\u00e4s Mer<span class=\"screen-reader-text\">V\u00e5r historie<\/span><\/span><\/a><\/p>\n","protected":false},"author":5,"featured_media":0,"parent":0,"menu_order":0,"comment_status":"closed","ping_status":"closed","template":"templates\/right-sidebar.php","meta":{"footnotes":""},"class_list":["post-348","page","type-page","status-publish","hentry"],"translation":{"provider":"WPGlobus","version":"3.0.2","language":"no","enabled_languages":["en","sv","no","fi","da","gb"],"languages":{"en":{"title":true,"content":true,"excerpt":false},"sv":{"title":true,"content":true,"excerpt":false},"no":{"title":true,"content":true,"excerpt":false},"fi":{"title":true,"content":true,"excerpt":false},"da":{"title":true,"content":true,"excerpt":false},"gb":{"title":false,"content":false,"excerpt":false}}},"_links":{"self":[{"href":"https:\/\/bridalmagazinegroup.com\/no\/wp-json\/wp\/v2\/pages\/348","targetHints":{"allow":["GET"]}}],"collection":[{"href":"https:\/\/bridalmagazinegroup.com\/no\/wp-json\/wp\/v2\/pages"}],"about":[{"href":"https:\/\/bridalmagazinegroup.com\/no\/wp-json\/wp\/v2\/types\/page"}],"author":[{"embeddable":true,"href":"https:\/\/bridalmagazinegroup.com\/no\/wp-json\/wp\/v2\/users\/5"}],"replies":[{"embeddable":true,"href":"https:\/\/bridalmagazinegroup.com\/no\/wp-json\/wp\/v2\/comments?post=348"}],"version-history":[{"count":46,"href":"https:\/\/bridalmagazinegroup.com\/no\/wp-json\/wp\/v2\/pages\/348\/revisions"}],"predecessor-version":[{"id":3349,"href":"https:\/\/bridalmagazinegroup.com\/no\/wp-json\/wp\/v2\/pages\/348\/revisions\/3349"}],"wp:attachment":[{"href":"https:\/\/bridalmagazinegroup.com\/no\/wp-json\/wp\/v2\/media?parent=348"}],"curies":[{"name":"wp","href":"https:\/\/api.w.org\/{rel}","templated":true}]}}