{"id":80,"date":"2020-12-10T13:13:20","date_gmt":"2020-12-10T12:13:20","guid":{"rendered":"http:\/\/bridalmagazinegroup.com\/?page_id=80"},"modified":"2022-02-08T09:55:44","modified_gmt":"2022-02-08T08:55:44","slug":"products","status":"publish","type":"page","link":"https:\/\/bridalmagazinegroup.com\/no\/","title":{"rendered":"Produkter"},"content":{"rendered":"\n<div class=\"wp-block-columns is-layout-flex wp-container-core-columns-is-layout-9d6595d7 wp-block-columns-is-layout-flex\">\n<div class=\"wp-block-column is-layout-flow wp-block-column-is-layout-flow\" style=\"flex-basis:100%\">\n<hr class=\"wp-block-separator is-style-wide\"\/>\n\n\n\n<p>Som v\u00e5r samarbeidspartner gir vi deg den unike muligheten til \u00e5 bli sett gjennom alle produktene som er nevnt nedenfor, og derfor muligheten til \u00e5 n\u00e5 alle brudeparene du enn\u00e5 ikke har som kunde. M\u00e5let v\u00e5rt som medieselskap er \u00e5 hele tiden sette deg og bryllupsbransjen i fokus, og vi ser frem til en samtale om hvilke plattformer og produkter som passer best for din virksomhet.<\/p>\n\n\n\n<p>Magasinet v\u00e5rt har en imponerende rekkevidde p\u00e5&nbsp;<strong>84.000 lesere<\/strong>, hjemmesiden v\u00e5r leses av&nbsp;<strong>15.700 bes\u00f8kere<\/strong>&nbsp;hver m\u00e5ned (<strong>54.900 sidevisninger<\/strong>) og gjennom v\u00e5re nyhetsbrev og sosiale medier n\u00e5r vi de blivende kundene direkte i mobilen.&nbsp;<\/p>\n\n\n\n<hr class=\"wp-block-separator is-style-wide\"\/>\n\n\n<ul class=\"wp-block-latest-posts__list is-grid columns-1 alignleft wp-block-latest-posts\"><li><div class=\"wp-block-latest-posts__featured-image alignleft\"><img loading=\"lazy\" decoding=\"async\" width=\"150\" height=\"150\" src=\"https:\/\/bridalmagazinegroup.com\/wp-content\/uploads\/2020\/12\/Mediapaket_huvudbild-e1611224308507-150x150.jpg\" class=\"attachment-thumbnail size-thumbnail wp-post-image\" alt=\"\" style=\"\" srcset=\"https:\/\/bridalmagazinegroup.com\/wp-content\/uploads\/2020\/12\/Mediapaket_huvudbild-e1611224308507-150x150.jpg 150w, https:\/\/bridalmagazinegroup.com\/wp-content\/uploads\/2020\/12\/Mediapaket_huvudbild-e1611224308507-300x300.jpg 300w, https:\/\/bridalmagazinegroup.com\/wp-content\/uploads\/2020\/12\/Mediapaket_huvudbild-e1611224308507-1024x1024.jpg 1024w, https:\/\/bridalmagazinegroup.com\/wp-content\/uploads\/2020\/12\/Mediapaket_huvudbild-e1611224308507-768x768.jpg 768w, https:\/\/bridalmagazinegroup.com\/wp-content\/uploads\/2020\/12\/Mediapaket_huvudbild-e1611224308507-480x480.jpg 480w, https:\/\/bridalmagazinegroup.com\/wp-content\/uploads\/2020\/12\/Mediapaket_huvudbild-e1611224308507-666x666.jpg 666w, https:\/\/bridalmagazinegroup.com\/wp-content\/uploads\/2020\/12\/Mediapaket_huvudbild-e1611224308507.jpg 1500w\" sizes=\"auto, (max-width: 150px) 100vw, 150px\" \/><\/div><a class=\"wp-block-latest-posts__post-title\" href=\"https:\/\/bridalmagazinegroup.com\/no\/media-packages\/\">Mediepakker<\/a><div class=\"wp-block-latest-posts__post-excerpt\">Skreddersydde mediepakker der du maksimerer synligheten din for bruden og brudgommen ved \u00e5 v\u00e6re synlig b\u00e5de i trykk, online og i sosiale medier. Det optimale valget for deg som \u00f8nsker \u00e5 effektivt n\u00e5 hele m\u00e5lgruppen. &hellip; <a href=\"https:\/\/bridalmagazinegroup.com\/no\/media-packages\/\" class=\"more-link\"><span class=\"more-button\">L\u00e4s Mer<span class=\"screen-reader-text\">Mediepakker<\/span><\/span><\/a><\/div><\/li>\n<li><div class=\"wp-block-latest-posts__featured-image alignleft\"><img loading=\"lazy\" decoding=\"async\" width=\"150\" height=\"150\" src=\"https:\/\/bridalmagazinegroup.com\/wp-content\/uploads\/2020\/12\/Onlinepaket_huvudbild-150x150.jpg\" class=\"attachment-thumbnail size-thumbnail wp-post-image\" alt=\"\" style=\"\" srcset=\"https:\/\/bridalmagazinegroup.com\/wp-content\/uploads\/2020\/12\/Onlinepaket_huvudbild-150x150.jpg 150w, https:\/\/bridalmagazinegroup.com\/wp-content\/uploads\/2020\/12\/Onlinepaket_huvudbild-300x300.jpg 300w, https:\/\/bridalmagazinegroup.com\/wp-content\/uploads\/2020\/12\/Onlinepaket_huvudbild-1024x1024.jpg 1024w, https:\/\/bridalmagazinegroup.com\/wp-content\/uploads\/2020\/12\/Onlinepaket_huvudbild-768x768.jpg 768w, https:\/\/bridalmagazinegroup.com\/wp-content\/uploads\/2020\/12\/Onlinepaket_huvudbild-480x480.jpg 480w, https:\/\/bridalmagazinegroup.com\/wp-content\/uploads\/2020\/12\/Onlinepaket_huvudbild-666x666.jpg 666w, https:\/\/bridalmagazinegroup.com\/wp-content\/uploads\/2020\/12\/Onlinepaket_huvudbild.jpg 1500w\" sizes=\"auto, (max-width: 150px) 100vw, 150px\" \/><\/div><a class=\"wp-block-latest-posts__post-title\" href=\"https:\/\/bridalmagazinegroup.com\/no\/online-packages\/\">Online-pakker<\/a><div class=\"wp-block-latest-posts__post-excerpt\">Skreddersydde mediepakker der du maksimerer synligheten din gjennom branding online og i sosiale medier. &hellip; <a href=\"https:\/\/bridalmagazinegroup.com\/no\/online-packages\/\" class=\"more-link\"><span class=\"more-button\">L\u00e4s Mer<span class=\"screen-reader-text\">Online-pakker<\/span><\/span><\/a><\/div><\/li>\n<li><div class=\"wp-block-latest-posts__featured-image alignleft\"><img loading=\"lazy\" decoding=\"async\" width=\"150\" height=\"150\" src=\"https:\/\/bridalmagazinegroup.com\/wp-content\/uploads\/2021\/01\/NO_AnnaStormPhoto-31-150x150.jpg\" class=\"attachment-thumbnail size-thumbnail wp-post-image\" alt=\"\" style=\"\" srcset=\"https:\/\/bridalmagazinegroup.com\/wp-content\/uploads\/2021\/01\/NO_AnnaStormPhoto-31-150x150.jpg 150w, https:\/\/bridalmagazinegroup.com\/wp-content\/uploads\/2021\/01\/NO_AnnaStormPhoto-31-480x480.jpg 480w, https:\/\/bridalmagazinegroup.com\/wp-content\/uploads\/2021\/01\/NO_AnnaStormPhoto-31-666x666.jpg 666w\" sizes=\"auto, (max-width: 150px) 100vw, 150px\" \/><\/div><a class=\"wp-block-latest-posts__post-title\" href=\"https:\/\/bridalmagazinegroup.com\/no\/print_ads\/\">Bryllupsmagasinet &#8211; Print<\/a><div class=\"wp-block-latest-posts__post-excerpt\">Bryllupsmagasinet n\u00e5r 84.000 lesere per \u00e5r og brukes som grunnlag for brudeparet gjennom hele planleggingsprosessen. &hellip; <a href=\"https:\/\/bridalmagazinegroup.com\/no\/print_ads\/\" class=\"more-link\"><span class=\"more-button\">L\u00e4s Mer<span class=\"screen-reader-text\">Bryllupsmagasinet &#8211; Print<\/span><\/span><\/a><\/div><\/li>\n<li><div class=\"wp-block-latest-posts__featured-image alignleft\"><img loading=\"lazy\" decoding=\"async\" width=\"150\" height=\"150\" src=\"https:\/\/bridalmagazinegroup.com\/wp-content\/uploads\/2020\/12\/Bro\u0308llopsmagasinet_webb-150x150.jpg\" class=\"attachment-thumbnail size-thumbnail wp-post-image\" alt=\"\" style=\"\" srcset=\"https:\/\/bridalmagazinegroup.com\/wp-content\/uploads\/2020\/12\/Bro\u0308llopsmagasinet_webb-150x150.jpg 150w, https:\/\/bridalmagazinegroup.com\/wp-content\/uploads\/2020\/12\/Bro\u0308llopsmagasinet_webb-300x300.jpg 300w, https:\/\/bridalmagazinegroup.com\/wp-content\/uploads\/2020\/12\/Bro\u0308llopsmagasinet_webb-1024x1024.jpg 1024w, https:\/\/bridalmagazinegroup.com\/wp-content\/uploads\/2020\/12\/Bro\u0308llopsmagasinet_webb-768x768.jpg 768w, https:\/\/bridalmagazinegroup.com\/wp-content\/uploads\/2020\/12\/Bro\u0308llopsmagasinet_webb-480x480.jpg 480w, https:\/\/bridalmagazinegroup.com\/wp-content\/uploads\/2020\/12\/Bro\u0308llopsmagasinet_webb-666x666.jpg 666w, https:\/\/bridalmagazinegroup.com\/wp-content\/uploads\/2020\/12\/Bro\u0308llopsmagasinet_webb.jpg 1500w\" sizes=\"auto, (max-width: 150px) 100vw, 150px\" \/><\/div><a class=\"wp-block-latest-posts__post-title\" href=\"https:\/\/bridalmagazinegroup.com\/no\/online_ads\/\">Bryllupsmagasinet &#8211; Web<\/a><div class=\"wp-block-latest-posts__post-excerpt\">Hvis virksomheten din har et sterkt online-fokus, kan du n\u00e5 m\u00e5lgruppen din effektivt gjennom disse spesialdesignede produktene for nettet.  &hellip; <a href=\"https:\/\/bridalmagazinegroup.com\/no\/online_ads\/\" class=\"more-link\"><span class=\"more-button\">L\u00e4s Mer<span class=\"screen-reader-text\">Bryllupsmagasinet &#8211; Web<\/span><\/span><\/a><\/div><\/li>\n<li><div class=\"wp-block-latest-posts__featured-image alignleft\"><img loading=\"lazy\" decoding=\"async\" width=\"150\" height=\"150\" src=\"https:\/\/bridalmagazinegroup.com\/wp-content\/uploads\/2021\/01\/Specialannonser-150x150.jpg\" class=\"attachment-thumbnail size-thumbnail wp-post-image\" alt=\"\" style=\"\" srcset=\"https:\/\/bridalmagazinegroup.com\/wp-content\/uploads\/2021\/01\/Specialannonser-150x150.jpg 150w, https:\/\/bridalmagazinegroup.com\/wp-content\/uploads\/2021\/01\/Specialannonser-300x300.jpg 300w, https:\/\/bridalmagazinegroup.com\/wp-content\/uploads\/2021\/01\/Specialannonser-1024x1024.jpg 1024w, https:\/\/bridalmagazinegroup.com\/wp-content\/uploads\/2021\/01\/Specialannonser-768x768.jpg 768w, https:\/\/bridalmagazinegroup.com\/wp-content\/uploads\/2021\/01\/Specialannonser-480x480.jpg 480w, https:\/\/bridalmagazinegroup.com\/wp-content\/uploads\/2021\/01\/Specialannonser-666x666.jpg 666w, https:\/\/bridalmagazinegroup.com\/wp-content\/uploads\/2021\/01\/Specialannonser.jpg 1500w\" sizes=\"auto, (max-width: 150px) 100vw, 150px\" \/><\/div><a class=\"wp-block-latest-posts__post-title\" href=\"https:\/\/bridalmagazinegroup.com\/no\/special_ads\/\">Spesialannonser<\/a><div class=\"wp-block-latest-posts__post-excerpt\">Spesialdesignede annonser som er tatt frem for spesifikke bransjer. Passer deg som har virksomhet i en nisjet bransje eller jobber aktivt med content marketing.    &hellip; <a href=\"https:\/\/bridalmagazinegroup.com\/no\/special_ads\/\" class=\"more-link\"><span class=\"more-button\">L\u00e4s Mer<span class=\"screen-reader-text\">Spesialannonser<\/span><\/span><\/a><\/div><\/li>\n<\/ul><\/div>\n<\/div>\n\n\n\n<p><\/p>\n","protected":false},"excerpt":{"rendered":"<p>Som v\u00e5r samarbeidspartner gir vi deg den unike muligheten til \u00e5 bli sett gjennom alle produktene som er nevnt nedenfor, &hellip; <a href=\"https:\/\/bridalmagazinegroup.com\/no\/\" class=\"more-link\"><span class=\"more-button\">L\u00e4s Mer<span class=\"screen-reader-text\">Produkter<\/span><\/span><\/a><\/p>\n","protected":false},"author":5,"featured_media":188,"parent":0,"menu_order":0,"comment_status":"closed","ping_status":"closed","template":"templates\/right-sidebar.php","meta":{"footnotes":""},"class_list":["post-80","page","type-page","status-publish","has-post-thumbnail","hentry"],"translation":{"provider":"WPGlobus","version":"3.0.2","language":"no","enabled_languages":["en","sv","no","fi","da","gb"],"languages":{"en":{"title":true,"content":true,"excerpt":false},"sv":{"title":true,"content":true,"excerpt":false},"no":{"title":true,"content":true,"excerpt":false},"fi":{"title":true,"content":true,"excerpt":false},"da":{"title":true,"content":true,"excerpt":false},"gb":{"title":false,"content":false,"excerpt":false}}},"_links":{"self":[{"href":"https:\/\/bridalmagazinegroup.com\/no\/wp-json\/wp\/v2\/pages\/80","targetHints":{"allow":["GET"]}}],"collection":[{"href":"https:\/\/bridalmagazinegroup.com\/no\/wp-json\/wp\/v2\/pages"}],"about":[{"href":"https:\/\/bridalmagazinegroup.com\/no\/wp-json\/wp\/v2\/types\/page"}],"author":[{"embeddable":true,"href":"https:\/\/bridalmagazinegroup.com\/no\/wp-json\/wp\/v2\/users\/5"}],"replies":[{"embeddable":true,"href":"https:\/\/bridalmagazinegroup.com\/no\/wp-json\/wp\/v2\/comments?post=80"}],"version-history":[{"count":189,"href":"https:\/\/bridalmagazinegroup.com\/no\/wp-json\/wp\/v2\/pages\/80\/revisions"}],"predecessor-version":[{"id":3565,"href":"https:\/\/bridalmagazinegroup.com\/no\/wp-json\/wp\/v2\/pages\/80\/revisions\/3565"}],"wp:featuredmedia":[{"embeddable":true,"href":"https:\/\/bridalmagazinegroup.com\/no\/wp-json\/wp\/v2\/media\/188"}],"wp:attachment":[{"href":"https:\/\/bridalmagazinegroup.com\/no\/wp-json\/wp\/v2\/media?parent=80"}],"curies":[{"name":"wp","href":"https:\/\/api.w.org\/{rel}","templated":true}]}}