{"id":116,"date":"2020-12-10T13:59:42","date_gmt":"2020-12-10T12:59:42","guid":{"rendered":"http:\/\/bridalmagazinegroup.com\/?page_id=116"},"modified":"2025-09-09T14:14:15","modified_gmt":"2025-09-09T12:14:15","slug":"audiences","status":"publish","type":"page","link":"https:\/\/bridalmagazinegroup.com\/sv\/audiences\/","title":{"rendered":"M\u00e5lgrupper &#038; Statistik"},"content":{"rendered":"\n<div class=\"wp-block-columns is-layout-flex wp-container-core-columns-is-layout-9d6595d7 wp-block-columns-is-layout-flex\">\n<div class=\"wp-block-column is-layout-flow wp-block-column-is-layout-flow\" style=\"flex-basis:100%\">\n<hr class=\"wp-block-separator has-css-opacity is-style-wide\"\/>\n\n\n\n<p id=\"block-2f4c2bf1-9efb-4f80-82dc-3dba6f0d4a38\">F\u00f6r att driva en l\u00f6nsam verksamhet \u00e4r det oerh\u00f6rt viktigt att f\u00f6rst\u00e5 hur ens kunder fungerar och veta vilken m\u00e5lgruppen \u00e4r. Detta har vi tagit reda p\u00e5 och g\u00f6r \u00e5rligen unders\u00f6kningar, genom v\u00e5ra tusentals mailadresser till brudpar, d\u00e4r vi samlar in statistik fr\u00e5n just din m\u00e5lgrupp och blivande kunder. Nedan f\u00f6ljer lite snabbfakta om just din m\u00e5lgrupp.<\/p>\n\n\n\n<p><strong>44.854 st br\u00f6llop <\/strong>&#8211; s\u00e5 m\u00e5nga br\u00f6llop \u00e4r det i snitt varje \u00e5r i Sverige (statistik fr\u00e5n 2024).<\/p>\n\n\n\n<p><strong>Medel\u00e5ldern<\/strong> p\u00e5 dem som gift sig \u00e4r idag 35,4 \u00e5r f\u00f6r kvinnor och 37,3 \u00e5r f\u00f6r m\u00e4n (statistik fr\u00e5n 2024). <\/p>\n\n\n\n<p><strong>45 % <\/strong>av alla br\u00f6llop som sker under \u00e5ret \u00e4ger rum i perioden juni-augusti.<\/p>\n\n\n\n<p><strong><strong>76 605<\/strong> kr <\/strong>&#8211; s\u00e5 mycket l\u00e4gger brudparen i snitt p\u00e5 sitt br\u00f6llop. (statistik 2023) Men v\u00e4ldigt m\u00e5nga l\u00e4gger l\u00e5ngt mycket mer \u00e4n s\u00e5 p\u00e5 br\u00f6llopsdagen och vi ser att trenden kring exklusivare br\u00f6llop \u00f6kar. I Stockholm \u00e4r genomsnittskostaden f\u00f6r ett br\u00f6llop <strong>114 878 kr <\/strong>och ca 30 % (i hela Sverige) l\u00e4gger \u00f6ver 100 000 kronor p\u00e5 sitt br\u00f6llop. F\u00f6r ett br\u00f6llop med mellan 60 och 90 g\u00e4ster spenderades i snitt<strong> 133 000 kronor<\/strong> och de som hade \u00f6ver 90 g\u00e4ster lade i snitt strax \u00f6ver <strong>200 000 kronor.<\/strong><\/p>\n\n\n\n<p><strong>3.615.710 st g\u00e4ster<\/strong> g\u00e5r p\u00e5 br\u00f6llop varje \u00e5r! Genomsnittet p\u00e5 antal g\u00e4ster per br\u00f6llop \u00e4r 70st<\/p>\n\n\n\n<figure class=\"wp-block-image size-large\"><img loading=\"lazy\" decoding=\"async\" width=\"1024\" height=\"667\" src=\"http:\/\/bridalmagazinegroup.com\/wp-content\/uploads\/2021\/01\/malgrupp1-1024x667.jpg\" alt=\"\" class=\"wp-image-1798\" srcset=\"https:\/\/bridalmagazinegroup.com\/wp-content\/uploads\/2021\/01\/malgrupp1-1024x667.jpg 1024w, https:\/\/bridalmagazinegroup.com\/wp-content\/uploads\/2021\/01\/malgrupp1-300x195.jpg 300w, https:\/\/bridalmagazinegroup.com\/wp-content\/uploads\/2021\/01\/malgrupp1-768x500.jpg 768w, https:\/\/bridalmagazinegroup.com\/wp-content\/uploads\/2021\/01\/malgrupp1-1536x1000.jpg 1536w, https:\/\/bridalmagazinegroup.com\/wp-content\/uploads\/2021\/01\/malgrupp1.jpg 1920w\" sizes=\"auto, (max-width: 1024px) 100vw, 1024px\" \/><\/figure>\n\n\n\n<h2 class=\"wp-block-heading\">M\u00e5lgruppens <strong>beteende<\/strong><\/h2>\n\n\n\n<p><br>Det finns ett tydligt beteende hos brudpar n\u00e4r det kommer till ink\u00f6p f\u00f6r br\u00f6llopsdagen. Statistik visar att det \u00e4r en l\u00e5ng process d\u00e4r brudparen tar god tid p\u00e5 sig innan de fattar ett beslut. Besluten tillh\u00f6r n\u00e5gra av de st\u00f6rsta i livet och kan liknas vid k\u00f6p av en ny bil eller bostad d\u00e4r brudparen vill ha m\u00e5nga olika produkter att v\u00e4lja bland innan de g\u00f6r sina slutgiltiga val. <\/p>\n\n\n\n<p>Beslutsprocessen \u00e4r l\u00e5ng och h\u00e4r \u00e4r det viktigt att du finns synlig f\u00f6r dem genom hela processen och genom Br\u00f6llopsmagasinet ger vi dig denna m\u00f6jlighet.<\/p>\n\n\n\n<figure class=\"wp-block-image size-large\"><img loading=\"lazy\" decoding=\"async\" width=\"1024\" height=\"456\" src=\"http:\/\/bridalmagazinegroup.com\/wp-content\/uploads\/2021\/01\/malgrupp2-1-1024x456.jpg\" alt=\"\" class=\"wp-image-1800\" srcset=\"https:\/\/bridalmagazinegroup.com\/wp-content\/uploads\/2021\/01\/malgrupp2-1-1024x456.jpg 1024w, https:\/\/bridalmagazinegroup.com\/wp-content\/uploads\/2021\/01\/malgrupp2-1-300x134.jpg 300w, https:\/\/bridalmagazinegroup.com\/wp-content\/uploads\/2021\/01\/malgrupp2-1-768x342.jpg 768w, https:\/\/bridalmagazinegroup.com\/wp-content\/uploads\/2021\/01\/malgrupp2-1-1536x684.jpg 1536w, https:\/\/bridalmagazinegroup.com\/wp-content\/uploads\/2021\/01\/malgrupp2-1.jpg 1920w\" sizes=\"auto, (max-width: 1024px) 100vw, 1024px\" \/><\/figure>\n\n\n\n<h2 class=\"wp-block-heading\">S\u00e5 n\u00e5r<strong> du denna m\u00e5lgrupp<\/strong>:<\/h2>\n\n\n\n<p><br>Varje nummer av Br\u00f6llopsmagasinet l\u00e4ses enligt v\u00e5ra unders\u00f6kningar flertalet g\u00e5nger och i genomsnitt av <strong>4 l\u00e4sare<\/strong>. Magasinet anv\u00e4nds under hela planeringen hos brudparen och detta inneb\u00e4r att du exponeras mer \u00e4n en g\u00e5ng f\u00f6r brudparen vilket skapar ett starkt f\u00f6rtroende f\u00f6r dig.<\/p>\n\n\n\n<p>Ni som valt Br\u00f6llopsmagasinet som marknadsf\u00f6ringskanal n\u00e5r ut till brudparen och dess g\u00e4ster p\u00e5 ett effektivt s\u00e4tt. Vi ser till att du \u00e4r synlig p\u00e5 alla de plattformar som dagens brudpar s\u00f6ker information p\u00e5 inf\u00f6r br\u00f6llopet. V\u00e5rt magasin har en imponerande r\u00e4ckvidd p\u00e5 <strong>84.000 l\u00e4sare<\/strong>, v\u00e5r hemsida l\u00e4ses av <strong>27.000 bes\u00f6kare<\/strong> varje m\u00e5nad (<strong>43.700 sidvisningar<\/strong>) och genom v\u00e5ra nyhetsbrev och sociala medier n\u00e5r vi dina blivande kunder direkt i mobilen..<\/p>\n\n\n\n<figure class=\"wp-block-image size-large\"><img loading=\"lazy\" decoding=\"async\" width=\"1024\" height=\"683\" src=\"http:\/\/bridalmagazinegroup.com\/wp-content\/uploads\/2021\/01\/malgrupp3_SE_ENG-1024x683.jpg\" alt=\"\" class=\"wp-image-1803\" srcset=\"https:\/\/bridalmagazinegroup.com\/wp-content\/uploads\/2021\/01\/malgrupp3_SE_ENG-1024x683.jpg 1024w, https:\/\/bridalmagazinegroup.com\/wp-content\/uploads\/2021\/01\/malgrupp3_SE_ENG-300x200.jpg 300w, https:\/\/bridalmagazinegroup.com\/wp-content\/uploads\/2021\/01\/malgrupp3_SE_ENG-768x512.jpg 768w, https:\/\/bridalmagazinegroup.com\/wp-content\/uploads\/2021\/01\/malgrupp3_SE_ENG-1536x1024.jpg 1536w, https:\/\/bridalmagazinegroup.com\/wp-content\/uploads\/2021\/01\/malgrupp3_SE_ENG.jpg 1920w\" sizes=\"auto, (max-width: 1024px) 100vw, 1024px\" \/><\/figure>\n\n\n\n<p><em><em>*K\u00e4llor: <\/em><a href=\"http:\/\/scb.se\"><em>scb.se<\/em><\/a><em>, <a href=\"https:\/\/www.sbab.se\/download\/18.238e782a18867d68d946d9\/1685968963051\/230607%20SBAB__En%20tredjedel%20av%20svenskarna%20l%C3%A4gger%20mer%20%C3%A4n%20100%20000%20kronor%20p%C3%A5%20sitt%20br%C3%B6llop.pdf\">Norstat<\/a>, egna unders\u00f6kningar via formul\u00e4r p\u00e5 <\/em><a href=\"http:\/\/brollopsmagasinet.se\"><em>brollopsmagasinet.se<\/em><\/a><em> samt Google Analytics.<\/em><\/em><\/p>\n<\/div>\n<\/div>\n\n\n\n<p><\/p>\n\n\n\n<p class=\"has-text-align-right\"><\/p>\n","protected":false},"excerpt":{"rendered":"<p>F\u00f6r att driva en l\u00f6nsam verksamhet \u00e4r det oerh\u00f6rt viktigt att f\u00f6rst\u00e5 hur ens kunder fungerar och veta vilken m\u00e5lgruppen &hellip; <a href=\"https:\/\/bridalmagazinegroup.com\/sv\/audiences\/\" class=\"more-link\"><span class=\"more-button\">L\u00e4s Mer<span class=\"screen-reader-text\">M\u00e5lgrupper &#038; Statistik<\/span><\/span><\/a><\/p>\n","protected":false},"author":5,"featured_media":0,"parent":0,"menu_order":0,"comment_status":"closed","ping_status":"closed","template":"templates\/right-sidebar.php","meta":{"footnotes":""},"class_list":["post-116","page","type-page","status-publish","hentry"],"translation":{"provider":"WPGlobus","version":"3.0.2","language":"sv","enabled_languages":["en","sv","no","fi","da","gb"],"languages":{"en":{"title":true,"content":true,"excerpt":false},"sv":{"title":true,"content":true,"excerpt":false},"no":{"title":true,"content":true,"excerpt":false},"fi":{"title":true,"content":true,"excerpt":false},"da":{"title":true,"content":true,"excerpt":false},"gb":{"title":false,"content":false,"excerpt":false}}},"_links":{"self":[{"href":"https:\/\/bridalmagazinegroup.com\/sv\/wp-json\/wp\/v2\/pages\/116","targetHints":{"allow":["GET"]}}],"collection":[{"href":"https:\/\/bridalmagazinegroup.com\/sv\/wp-json\/wp\/v2\/pages"}],"about":[{"href":"https:\/\/bridalmagazinegroup.com\/sv\/wp-json\/wp\/v2\/types\/page"}],"author":[{"embeddable":true,"href":"https:\/\/bridalmagazinegroup.com\/sv\/wp-json\/wp\/v2\/users\/5"}],"replies":[{"embeddable":true,"href":"https:\/\/bridalmagazinegroup.com\/sv\/wp-json\/wp\/v2\/comments?post=116"}],"version-history":[{"count":50,"href":"https:\/\/bridalmagazinegroup.com\/sv\/wp-json\/wp\/v2\/pages\/116\/revisions"}],"predecessor-version":[{"id":3597,"href":"https:\/\/bridalmagazinegroup.com\/sv\/wp-json\/wp\/v2\/pages\/116\/revisions\/3597"}],"wp:attachment":[{"href":"https:\/\/bridalmagazinegroup.com\/sv\/wp-json\/wp\/v2\/media?parent=116"}],"curies":[{"name":"wp","href":"https:\/\/api.w.org\/{rel}","templated":true}]}}