{"id":348,"date":"2020-12-15T10:29:54","date_gmt":"2020-12-15T09:29:54","guid":{"rendered":"http:\/\/bridalmagazinegroup.com\/?page_id=348"},"modified":"2022-01-25T11:16:37","modified_gmt":"2022-01-25T10:16:37","slug":"history","status":"publish","type":"page","link":"https:\/\/bridalmagazinegroup.com\/sv\/history\/","title":{"rendered":"V\u00e5r historia"},"content":{"rendered":"\n<div class=\"wp-block-columns is-layout-flex wp-container-core-columns-is-layout-9d6595d7 wp-block-columns-is-layout-flex\">\n<div class=\"wp-block-column is-layout-flow wp-block-column-is-layout-flow\" style=\"flex-basis:100%\">\n<hr class=\"wp-block-separator is-style-wide\"\/>\n\n\n\n<p>\u00c4nda sedan starten \u00e5r 1993 har Br\u00f6llopsmagasinet assisterat brudpar och varit deras viktigaste hj\u00e4lpmedel i br\u00f6llopsplaneringen. Genom informativa och inspirerande artiklar har brudparen kunnat fatta kloka beslut och du som samarbetspartner har varit synlig f\u00f6r dem under hela planeringsprocessen.<\/p>\n\n\n\n<h2 class=\"wp-block-heading\"><strong>V\u00e5r historia<\/strong><\/h2>\n\n\n\n<p><\/p>\n\n\n\n<p><strong>1993<\/strong> &#8211; Nordens f\u00f6rsta br\u00f6llopsf\u00f6rlag (tidning) grundas i Frederiksberg, Danmark<\/p>\n\n\n\n<p><strong>1997<\/strong> &#8211; Bolaget expanderar och man startar upp verksamheten i Sverige. Nuvarande \u00e4gare och VD Anders Wallgren g\u00e5r med i styrelsen f\u00f6r bolaget.<\/p>\n\n\n\n<p><strong>1999<\/strong> &#8211; Anders Wallgren f\u00f6rv\u00e4rvar bolaget som d\u00e5 har verksamhet i Danmark och Sverige.<\/p>\n\n\n\n<p><strong>2000<\/strong> &#8211; Bolaget expanderar ytterligare och startar upp verksamheten i Norge. F\u00f6rlaget v\u00e4xte och var nu det enda f\u00f6rlaget i tre nordiska l\u00e4nder.<\/p>\n\n\n\n<p><strong>2001<\/strong> &#8211; Br\u00f6llopsmagasinet lanserar hemsida som komplement till magasinet med fokus p\u00e5 redaktionellt inneh\u00e5ll och akt\u00f6rer inom br\u00f6llopsbranschen.<\/p>\n\n\n\n<p><strong>2005<\/strong> &#8211; Etablering sker i Finland och f\u00f6rlaget har expanderat till fyra nordiska l\u00e4nder.<\/p>\n\n\n\n<p><strong>2008<\/strong> &#8211; Business to Business-magasinet Nordic Bridal lanseras som enda B2B-produkt f\u00f6r br\u00f6llopsbranschen i Norden.<\/p>\n\n\n\n<p><strong>2009<\/strong> &#8211; Magasinet Nordic Bridal kompletteras med en egen hemsida d\u00e4r snabb information och viktiga nyheter kan ges till akt\u00f6rer inom br\u00f6llopsbranschen l\u00f6pande.<\/p>\n\n\n\n<p><strong>2014<\/strong> &#8211; Ink\u00f6psm\u00e4ssan Nordic Bridal Show lanseras och \u00e4ger rum i K\u00f6penhamn, Danmark. Hit reser butiker fr\u00e5n de fyra nordiska l\u00e4nderna f\u00f6r att g\u00f6ra ink\u00f6p fr\u00e5n leverant\u00f6rer och designers till kommande s\u00e4song.<\/p>\n\n\n\n<p><strong>2017<\/strong> &#8211; En helt egen redaktion f\u00f6r webb uppr\u00e4ttas och Br\u00f6llopsmagasinet har idag anst\u00e4llda som arbetar heltid med att producera inneh\u00e5ll till hemsida och sociala medier.<\/p>\n\n\n\n<figure class=\"wp-block-image size-large\"><img loading=\"lazy\" decoding=\"async\" width=\"1024\" height=\"684\" src=\"http:\/\/bridalmagazinegroup.com\/wp-content\/uploads\/2021\/01\/SE_AnnaStormPhoto-38-1024x684.jpg\" alt=\"\" class=\"wp-image-1767\" srcset=\"https:\/\/bridalmagazinegroup.com\/wp-content\/uploads\/2021\/01\/SE_AnnaStormPhoto-38-1024x684.jpg 1024w, https:\/\/bridalmagazinegroup.com\/wp-content\/uploads\/2021\/01\/SE_AnnaStormPhoto-38-300x200.jpg 300w, https:\/\/bridalmagazinegroup.com\/wp-content\/uploads\/2021\/01\/SE_AnnaStormPhoto-38-768x513.jpg 768w, https:\/\/bridalmagazinegroup.com\/wp-content\/uploads\/2021\/01\/SE_AnnaStormPhoto-38-1536x1026.jpg 1536w, https:\/\/bridalmagazinegroup.com\/wp-content\/uploads\/2021\/01\/SE_AnnaStormPhoto-38.jpg 1920w\" sizes=\"auto, (max-width: 1024px) 100vw, 1024px\" \/><\/figure>\n<\/div>\n<\/div>\n\n\n\n<p><\/p>\n","protected":false},"excerpt":{"rendered":"<p>\u00c4nda sedan starten \u00e5r 1993 har Br\u00f6llopsmagasinet assisterat brudpar och varit deras viktigaste hj\u00e4lpmedel i br\u00f6llopsplaneringen. Genom informativa och inspirerande &hellip; <a href=\"https:\/\/bridalmagazinegroup.com\/sv\/history\/\" class=\"more-link\"><span class=\"more-button\">L\u00e4s Mer<span class=\"screen-reader-text\">V\u00e5r historia<\/span><\/span><\/a><\/p>\n","protected":false},"author":5,"featured_media":0,"parent":0,"menu_order":0,"comment_status":"closed","ping_status":"closed","template":"templates\/right-sidebar.php","meta":{"footnotes":""},"class_list":["post-348","page","type-page","status-publish","hentry"],"translation":{"provider":"WPGlobus","version":"3.0.2","language":"sv","enabled_languages":["en","sv","no","fi","da","gb"],"languages":{"en":{"title":true,"content":true,"excerpt":false},"sv":{"title":true,"content":true,"excerpt":false},"no":{"title":true,"content":true,"excerpt":false},"fi":{"title":true,"content":true,"excerpt":false},"da":{"title":true,"content":true,"excerpt":false},"gb":{"title":false,"content":false,"excerpt":false}}},"_links":{"self":[{"href":"https:\/\/bridalmagazinegroup.com\/sv\/wp-json\/wp\/v2\/pages\/348","targetHints":{"allow":["GET"]}}],"collection":[{"href":"https:\/\/bridalmagazinegroup.com\/sv\/wp-json\/wp\/v2\/pages"}],"about":[{"href":"https:\/\/bridalmagazinegroup.com\/sv\/wp-json\/wp\/v2\/types\/page"}],"author":[{"embeddable":true,"href":"https:\/\/bridalmagazinegroup.com\/sv\/wp-json\/wp\/v2\/users\/5"}],"replies":[{"embeddable":true,"href":"https:\/\/bridalmagazinegroup.com\/sv\/wp-json\/wp\/v2\/comments?post=348"}],"version-history":[{"count":46,"href":"https:\/\/bridalmagazinegroup.com\/sv\/wp-json\/wp\/v2\/pages\/348\/revisions"}],"predecessor-version":[{"id":3349,"href":"https:\/\/bridalmagazinegroup.com\/sv\/wp-json\/wp\/v2\/pages\/348\/revisions\/3349"}],"wp:attachment":[{"href":"https:\/\/bridalmagazinegroup.com\/sv\/wp-json\/wp\/v2\/media?parent=348"}],"curies":[{"name":"wp","href":"https:\/\/api.w.org\/{rel}","templated":true}]}}